{"id":573,"date":"2025-11-24T18:04:13","date_gmt":"2025-11-24T17:04:13","guid":{"rendered":"https:\/\/www.mepreci.com\/parlons-de-votre-projet-de-fabrication\/"},"modified":"2025-12-15T15:31:14","modified_gmt":"2025-12-15T14:31:14","slug":"contact","status":"publish","type":"page","link":"https:\/\/www.mepreci.com\/fr\/contact\/","title":{"rendered":"Parlons de votre projet de fabrication"},"content":{"rendered":"\n<div class=\"wp-block-group has-global-padding is-layout-constrained wp-container-core-group-is-layout-12243e0f wp-block-group-is-layout-constrained\">\n<h2 class=\"wp-block-heading mepreci-heading\">Pourquoi notre emplacement est-il important\u00a0?<\/h2>\n\n\n\n<p class=\"text-justify\"><strong>Nous fabriquons \u00e0 Bera. Nous desservons le nord de l&rsquo;Espagne et le sud de la France.<\/strong><br\/>Nous sommes situ\u00e9s dans un endroit strat\u00e9gique, entre nature et industrie. Nous sommes facilement connect\u00e9s \u00e0 Ir\u00fan, Behobia et la fronti\u00e8re fran\u00e7aise, ce qui garantit des livraisons rapides et des r\u00e9unions en face \u00e0 face lorsque le projet l&rsquo;exige.<\/p>\n<\/div>\n\n<div class=\"wp-block-group has-global-padding is-layout-constrained wp-container-core-group-is-layout-12243e0f wp-block-group-is-layout-constrained\">\n<div class=\"wp-block-columns is-layout-flex wp-container-core-columns-is-layout-28f84493 wp-block-columns-is-layout-flex\">\n<div class=\"wp-block-column caja_azul is-layout-flow wp-block-column-is-layout-flow\">\n<h3 class=\"wp-block-heading encabeza-line\">Position Strat\u00e9gique<\/h3>\n\n\n\n<p>Proximit\u00e9 d&rsquo;Ir\u00fan et de la France pour une logistique agile.<br\/>Cette proximit\u00e9 nous permet de <strong>r\u00e9duire les temps de transit, de simplifier la logistique et de minimiser les risques<\/strong> li\u00e9s au transport. C&rsquo;est particuli\u00e8rement important pour les clients des secteurs de l&rsquo;automobile, de l&rsquo;\u00e9lectrom\u00e9nager et de l&rsquo;\u00e9nergie qui travaillent avec des calendriers serr\u00e9s et ont besoin d&rsquo;un partenaire proche.<\/p>\n<\/div>\n\n\n\n<div class=\"wp-block-column caja_azul is-layout-flow wp-block-column-is-layout-flow\">\n<h3 class=\"wp-block-heading encabeza-line\">R\u00e9ponse Rapide<\/h3>\n\n\n\n<p>M\u00eame fuseau horaire et acc\u00e8s facile pour les r\u00e9unions techniques et les audits.<br\/>Nous pouvons coordonner les visites d&rsquo;usine, les audits qualit\u00e9 ou les r\u00e9unions de co-ing\u00e9nierie sans frictions d&rsquo;agenda. Cela facilite le lancement de nouveaux projets et le suivi des programmes en cours, conform\u00e9ment \u00e0 la m\u00e9thode de travail que nous d\u00e9crivons dans <a href=\"https:\/\/www.mepreci.com\/fr\/qui-sommes-nous\/\">Qui sommes-nous<\/a>.<\/p>\n<\/div>\n\n\n\n<div class=\"wp-block-column caja_azul is-layout-flow wp-block-column-is-layout-flow\">\n<h3 class=\"wp-block-heading encabeza-line\">Logistique R\u00e9duite<\/h3>\n\n\n\n<p>Co\u00fbts d&rsquo;exp\u00e9dition r\u00e9duits et livraison plus rapide aux principaux centres industriels.<br\/>En travaillant avec un fournisseur proche, vous optimisez vos <strong>co\u00fbts logistiques, vos d\u00e9lais de livraison et votre stock de s\u00e9curit\u00e9<\/strong>, en alignant mieux votre cha\u00eene d&rsquo;approvisionnement dans le nord de l&rsquo;Espagne et le sud de la France.<\/p>\n<\/div>\n\n\n\n<div class=\"wp-block-column caja_azul is-layout-flow wp-block-column-is-layout-flow\">\n<h3 class=\"wp-block-heading encabeza-line\">Exp\u00e9rience Transfrontali\u00e8re<\/h3>\n\n\n\n<p>Ma\u00eetrise de l&rsquo;espagnol, du fran\u00e7ais et de l&rsquo;anglais pour une communication fluide.<br\/>Nous sommes habitu\u00e9s \u00e0 coordonner les \u00e9quipes d&rsquo;achat, d&rsquo;ing\u00e9nierie et de qualit\u00e9 des deux c\u00f4t\u00e9s de la fronti\u00e8re. Cela nous permet de <strong>g\u00e9rer la documentation, les audits et les projets transfrontaliers<\/strong> naturellement, en nous int\u00e9grant comme un partenaire de plus dans votre organisation.<\/p>\n<\/div>\n<\/div>\n<\/div>\n\n<div class=\"wp-block-group has-global-padding is-layout-constrained wp-container-core-group-is-layout-12243e0f wp-block-group-is-layout-constrained\">\n<div class=\"wp-block-columns is-layout-flex wp-container-core-columns-is-layout-28f84493 wp-block-columns-is-layout-flex\">\n<div class=\"wp-block-column is-layout-flow wp-block-column-is-layout-flow\" style=\"flex-basis:55%\">\n<h2 class=\"wp-block-heading mepreci-heading\" id=\"contacto\">Contactez-nous<\/h2>\n\n\n<div class='fluentform ff-default fluentform_wrapper_3  ff_guten_block ff_guten_block-3 ffs_default_wrap'><form data-form_id=\"3\" id=\"fluentform_3\" class=\"frm-fluent-form fluent_form_3 ff-el-form-top ff_form_instance_3_1 ff-form-loading ff_has_v3_recptcha ffs_default\" data-form_instance=\"ff_form_instance_3_1\" method=\"POST\" data-recptcha_key=\"6LdnSywsAAAAAI_yOxX4amHC1EJb7rY-F5UMJfWj\" ><fieldset  style=\"border: none!important;margin: 0!important;padding: 0!important;background-color: transparent!important;box-shadow: none!important;outline: none!important; min-inline-size: 100%;\">\n                    <legend class=\"ff_screen_reader_title\" style=\"display: block; margin: 0!important;padding: 0!important;height: 0!important;text-indent: -999999px;width: 0!important;overflow:hidden;\">Formulario de Contacto<\/legend><input type='hidden' name='__fluent_form_embded_post_id' value='573' \/><input type=\"hidden\" id=\"_fluentform_3_fluentformnonce\" name=\"_fluentform_3_fluentformnonce\" value=\"b10cf80a57\" \/><input type=\"hidden\" name=\"_wp_http_referer\" value=\"\/fr\/wp-json\/wp\/v2\/pages\/573\" \/><div data-name=\"ff_cn_id_1\"  class='ff-t-container ff-column-container ff_columns_total_2 '><div class='ff-t-cell ff-t-column-1' style='flex-basis: 50%;'><div data-type=\"name-element\" data-name=\"names\" class=\" ff-field_container ff-name-field-wrapper\" ><div class='ff-t-container'><div class='ff-t-cell '><div class='ff-el-group'><div class=\"ff-el-input--label ff-el-is-required asterisk-right\"><label for='ff_3_names_first_name_' id='label_ff_3_names_first_name_' >Nombre Completo<\/label><\/div><div class='ff-el-input--content'><input type=\"text\" name=\"names[first_name]\" id=\"ff_3_names_first_name_\" class=\"ff-el-form-control\" placeholder=\"First Name\" aria-invalid=\"false\" aria-required=true><\/div><\/div><\/div><\/div><\/div><\/div><div class='ff-t-cell ff-t-column-2' style='flex-basis: 50%;'><div class='ff-el-group'><div class=\"ff-el-input--label ff-el-is-required asterisk-right\"><label for='ff_3_email' id='label_ff_3_email' aria-label=\"Email\">Email<\/label><\/div><div class='ff-el-input--content'><input type=\"email\" name=\"email\" id=\"ff_3_email\" class=\"ff-el-form-control\" placeholder=\"Email Address\" data-name=\"email\"  aria-invalid=\"false\" aria-required=true><\/div><\/div><\/div><\/div><div class='ff-el-group'><div class=\"ff-el-input--label ff-el-is-required asterisk-right\"><label for='ff_3_input_text_2' id='label_ff_3_input_text_2' aria-label=\"Tel\u00e9fono\">Tel\u00e9fono<\/label><\/div><div class='ff-el-input--content'><input type=\"text\" name=\"input_text_2\" class=\"ff-el-form-control\" data-name=\"input_text_2\" id=\"ff_3_input_text_2\"  aria-invalid=\"false\" aria-required=true><\/div><\/div><div data-name=\"ff_cn_id_2\"  class='ff-t-container ff-column-container ff_columns_total_2 '><div class='ff-t-cell ff-t-column-1' style='flex-basis: 50%;'><div class='ff-el-group'><div class=\"ff-el-input--label ff-el-is-required asterisk-right\"><label for='ff_3_input_text' id='label_ff_3_input_text' aria-label=\"Empresa\">Empresa<\/label><\/div><div class='ff-el-input--content'><input type=\"text\" name=\"input_text\" class=\"ff-el-form-control\" data-name=\"input_text\" id=\"ff_3_input_text\"  aria-invalid=\"false\" aria-required=true><\/div><\/div><\/div><div class='ff-t-cell ff-t-column-2' style='flex-basis: 50%;'><div class='ff-el-group'><div class=\"ff-el-input--label asterisk-right\"><label for='ff_3_input_text_1' id='label_ff_3_input_text_1' aria-label=\"Sector\">Sector<\/label><\/div><div class='ff-el-input--content'><input type=\"text\" name=\"input_text_1\" class=\"ff-el-form-control\" data-name=\"input_text_1\" id=\"ff_3_input_text_1\"  aria-invalid=\"false\" aria-required=false><\/div><\/div><\/div><\/div><div class='ff-el-group'><div class=\"ff-el-input--label asterisk-right\"><label for='ff_3_subject' id='label_ff_3_subject' aria-label=\"Asunto\">Asunto<\/label><\/div><div class='ff-el-input--content'><input type=\"text\" name=\"subject\" class=\"ff-el-form-control\" placeholder=\"Subject\" data-name=\"subject\" id=\"ff_3_subject\"  aria-invalid=\"false\" aria-required=false><\/div><\/div><div class='ff-el-group'><div class=\"ff-el-input--label ff-el-is-required asterisk-right\"><label for='ff_3_message' id='label_ff_3_message' aria-label=\"Mensaje\">Mensaje<\/label><\/div><div class='ff-el-input--content'><textarea aria-required=\"true\" aria-labelledby=\"label_ff_3_message\" name=\"message\" id=\"ff_3_message\" class=\"ff-el-form-control\" placeholder=\"Your Message\" rows=\"4\" cols=\"2\" data-name=\"message\" ><\/textarea><\/div><\/div><div class='ff-el-group    ff-el-input--content'><div class='ff-el-form-check ff-el-tc'><label aria-label='Terms and Conditions: He le\u00eddo y acepto los T\u00e9rminos y Condiciones y la Pol\u00edtica de Privacidad. Contains 2 links. Use tab navigation to review.' class='ff-el-form-check-label ff_tc_label' for=terms-n-condition_f95a01b09ceb5edaef40d8d39a6a181b><span class='ff_tc_checkbox'><input type=\"checkbox\" name=\"terms-n-condition\" class=\"ff-el-form-check-input\" data-name=\"terms-n-condition\" id=\"terms-n-condition_f95a01b09ceb5edaef40d8d39a6a181b\"  value='on' aria-invalid='false' aria-required=true><\/span> <div class='ff_t_c'><p>He le\u00eddo y acepto los <a href=\"https:\/\/www.mepreci.com\/aviso-legal\/\">T\u00e9rminos y Condiciones<\/a> y la <a href=\"https:\/\/www.mepreci.com\/politica-privacidad\/\">Pol\u00edtica de Privacidad<\/a>.<\/p><\/div><\/label><\/div><\/div><div class='ff-el-group ff-text-left ff_submit_btn_wrapper'><button type=\"submit\" class=\"ff-btn ff-btn-submit ff-btn-md ff_btn_style\"  aria-label=\"Enviar\">Enviar<\/button><\/div><\/fieldset><\/form><div id='fluentform_3_errors' class='ff-errors-in-stack ff_form_instance_3_1 ff-form-loading_errors ff_form_instance_3_1_errors'><\/div><\/div>            <script type=\"text\/javascript\">\n                window.fluent_form_ff_form_instance_3_1 = {\"id\":\"3\",\"settings\":{\"layout\":{\"labelPlacement\":\"top\",\"asteriskPlacement\":\"asterisk-right\",\"helpMessagePlacement\":\"with_label\",\"errorMessagePlacement\":\"inline\",\"cssClassName\":\"\"},\"restrictions\":{\"denyEmptySubmission\":{\"enabled\":false}}},\"form_instance\":\"ff_form_instance_3_1\",\"form_id_selector\":\"fluentform_3\",\"rules\":{\"names[first_name]\":{\"required\":{\"value\":true,\"message\":\"Ce champ est obligatoire\",\"global\":true,\"global_message\":\"Este campo es obligatorio\"}},\"names[middle_name]\":{\"required\":{\"value\":false,\"message\":\"Ce champ est obligatoire\",\"global\":true,\"global_message\":\"Este campo es obligatorio\"}},\"names[last_name]\":{\"required\":{\"value\":false,\"message\":\"Ce champ est obligatoire\",\"global\":true,\"global_message\":\"Este campo es obligatorio\"}},\"email\":{\"required\":{\"value\":true,\"message\":\"Ce champ est obligatoire\",\"global\":true,\"global_message\":\"Este campo es obligatorio\"},\"email\":{\"value\":true,\"message\":\"Ce champ doit contenir un e-mail valide\",\"global\":true,\"global_message\":\"Este campo debe contener un correo electr\\u00f3nico v\\u00e1lido\"}},\"input_text_2\":{\"required\":{\"value\":true,\"message\":\"Ce champ est obligatoire\",\"global_message\":\"Este campo es obligatorio\",\"global\":true}},\"input_text\":{\"required\":{\"value\":true,\"message\":\"Ce champ est obligatoire\",\"global_message\":\"Este campo es obligatorio\",\"global\":true}},\"input_text_1\":{\"required\":{\"value\":false,\"message\":\"Ce champ est obligatoire\",\"global_message\":\"Este campo es obligatorio\",\"global\":true}},\"subject\":{\"required\":{\"value\":false,\"message\":\"Ce champ est obligatoire\",\"global\":true,\"global_message\":\"Este campo es obligatorio\"}},\"message\":{\"required\":{\"value\":true,\"message\":\"Ce champ est obligatoire\",\"global\":true,\"global_message\":\"Este campo es obligatorio\"}},\"terms-n-condition\":{\"required\":{\"value\":true,\"message\":\"Ce champ est obligatoire\",\"global_message\":\"Este campo es obligatorio\",\"global\":true}},\"g-recaptcha-response\":[]},\"debounce_time\":300};\n                            <\/script>\n            <\/div>\n\n\n\n<div class=\"wp-block-column is-layout-flow wp-block-column-is-layout-flow\" style=\"flex-basis:33.33%\">\n<h2 class=\"wp-block-heading mepreci-heading\">Notre emplacement<\/h2>\n\n\n\n<address><p class=\"address\">\nParc industriel Alkaiaga C\/Ziobi n\u00ba 6 31770 Lesaka &#8211; Navarre<\/p>\n<\/address>\n\n\n\n<h2 class=\"wp-block-heading mepreci-heading\">T\u00e9l\u00e9phone<\/h2>\n\n\n\n<p class=\"telephone\">\n<a href=\"tel:+34943638199\">943.63.81.99<\/a>\u2028Mobile <a href=\"tel:+34626052916\">626.052.916<\/a><\/p>\n\n\n\n<h2 class=\"wp-block-heading mepreci-heading\">Adresse \u00e9lectronique<\/h2>\n\n\n\n<p class=\"email\">\n<a href=\"mailto:mepreci@mepreci.com\">mepreci@mepreci.com<\/a><br\/>Nous r\u00e9pondons g\u00e9n\u00e9ralement dans les 24 heures.<\/p>\n<\/div>\n<\/div>\n<\/div>\n\n<div class=\"wp-block-group bloque-degradado has-global-padding is-layout-constrained wp-block-group-is-layout-constrained\">\n<div class=\"wp-block-columns is-layout-flex wp-container-core-columns-is-layout-28f84493 wp-block-columns-is-layout-flex\">\n<div class=\"wp-block-column has-global-padding is-layout-constrained wp-block-column-is-layout-constrained\">\n<h2 class=\"wp-block-heading h2-line\">Pr\u00e9f\u00e9rez-vous parler directement ?<\/h2>\n\n\n\n<p class=\"has-text-align-center\">Notre \u00e9quipe technique est disponible pour discuter des exigences de votre projet et vous fournir des conseils imm\u00e9diats<\/p>\n\n\n\n<div class=\"wp-block-group has-global-padding is-layout-constrained wp-container-core-group-is-layout-731c369d wp-block-group-is-layout-constrained\">\n<div class=\"wp-block-buttons bot-bg-negro is-content-justification-center is-layout-flex wp-container-core-buttons-is-layout-a89b3969 wp-block-buttons-is-layout-flex\">\n<div class=\"wp-block-button\"><a class=\"wp-block-button__link wp-element-button\" href=\"\/contacto#contacto\">Nous vous appelons<\/a><\/div>\n<\/div>\n<\/div>\n<\/div>\n<\/div>\n<\/div>\n","protected":false},"excerpt":{"rendered":"<p>Pourquoi notre emplacement est-il important\u00a0? Nous fabriquons \u00e0 Bera. Nous desservons le nord de l&rsquo;Espagne et le sud de la France.Nous sommes situ\u00e9s dans un endroit strat\u00e9gique, entre nature et industrie. Nous sommes facilement connect\u00e9s \u00e0 Ir\u00fan, Behobia et la fronti\u00e8re fran\u00e7aise, ce qui garantit des livraisons rapides et des r\u00e9unions en face \u00e0 face [&hellip;]<\/p>\n","protected":false},"author":1,"featured_media":0,"parent":0,"menu_order":0,"comment_status":"closed","ping_status":"closed","template":"wp-custom-template-paginas-interiores-mepreci","meta":{"footnotes":""},"class_list":["post-573","page","type-page","status-publish","hentry"],"yoast_head":"<!-- This site is optimized with the Yoast SEO plugin v26.6 - https:\/\/yoast.com\/wordpress\/plugins\/seo\/ -->\n<title>Contact | estampage m\u00e9tallique et usinage en Navarre<\/title>\n<meta name=\"description\" content=\"Contactez Mepreci en Navarre pour vos projets d&#039;estampage m\u00e9tallique, d&#039;usinage, d&#039;assemblages et de matri\u00e7age. Emplacement strat\u00e9gique.\" \/>\n<meta name=\"robots\" content=\"index, follow, max-snippet:-1, max-image-preview:large, max-video-preview:-1\" \/>\n<link rel=\"canonical\" href=\"https:\/\/www.mepreci.com\/fr\/contact\/\" \/>\n<meta property=\"og:locale\" content=\"fr_FR\" \/>\n<meta property=\"og:type\" content=\"article\" \/>\n<meta property=\"og:title\" content=\"Contact | estampage m\u00e9tallique et usinage en Navarre\" \/>\n<meta property=\"og:description\" content=\"Contactez Mepreci en Navarre pour vos projets d&#039;estampage m\u00e9tallique, d&#039;usinage, d&#039;assemblages et de matri\u00e7age. Emplacement strat\u00e9gique.\" \/>\n<meta property=\"og:url\" content=\"https:\/\/www.mepreci.com\/fr\/contact\/\" \/>\n<meta property=\"og:site_name\" content=\"Mepreci\" \/>\n<meta property=\"article:publisher\" content=\"https:\/\/www.facebook.com\/profile.php?id=61583941005334\" \/>\n<meta property=\"article:modified_time\" content=\"2025-12-15T14:31:14+00:00\" \/>\n<meta name=\"twitter:card\" content=\"summary_large_image\" \/>\n<meta name=\"twitter:label1\" content=\"Dur\u00e9e de lecture estim\u00e9e\" \/>\n\t<meta name=\"twitter:data1\" content=\"2 minutes\" \/>\n<script type=\"application\/ld+json\" class=\"yoast-schema-graph\">{\"@context\":\"https:\/\/schema.org\",\"@graph\":[{\"@type\":\"WebPage\",\"@id\":\"https:\/\/www.mepreci.com\/fr\/contact\/\",\"url\":\"https:\/\/www.mepreci.com\/fr\/contact\/\",\"name\":\"Contact | estampage m\u00e9tallique et usinage en Navarre\",\"isPartOf\":{\"@id\":\"https:\/\/www.mepreci.com\/fr\/#website\"},\"datePublished\":\"2025-11-24T17:04:13+00:00\",\"dateModified\":\"2025-12-15T14:31:14+00:00\",\"description\":\"Contactez Mepreci en Navarre pour vos projets d'estampage m\u00e9tallique, d'usinage, d'assemblages et de matri\u00e7age. Emplacement strat\u00e9gique.\",\"breadcrumb\":{\"@id\":\"https:\/\/www.mepreci.com\/fr\/contact\/#breadcrumb\"},\"inLanguage\":\"fr-FR\",\"potentialAction\":[{\"@type\":\"ReadAction\",\"target\":[\"https:\/\/www.mepreci.com\/fr\/contact\/\"]}]},{\"@type\":\"BreadcrumbList\",\"@id\":\"https:\/\/www.mepreci.com\/fr\/contact\/#breadcrumb\",\"itemListElement\":[{\"@type\":\"ListItem\",\"position\":1,\"name\":\"Accueil\",\"item\":\"https:\/\/www.mepreci.com\/fr\/\"},{\"@type\":\"ListItem\",\"position\":2,\"name\":\"Contact\"}]},{\"@type\":\"WebSite\",\"@id\":\"https:\/\/www.mepreci.com\/fr\/#website\",\"url\":\"https:\/\/www.mepreci.com\/fr\/\",\"name\":\"Mepreci\",\"description\":\"Soluciones de estampaci\u00f3n met\u00e1lica, mecanizado\\u2028 y matricer\u00eda.\",\"publisher\":{\"@id\":\"https:\/\/www.mepreci.com\/fr\/#organization\"},\"potentialAction\":[{\"@type\":\"SearchAction\",\"target\":{\"@type\":\"EntryPoint\",\"urlTemplate\":\"https:\/\/www.mepreci.com\/fr\/?s={search_term_string}\"},\"query-input\":{\"@type\":\"PropertyValueSpecification\",\"valueRequired\":true,\"valueName\":\"search_term_string\"}}],\"inLanguage\":\"fr-FR\"},{\"@type\":\"Organization\",\"@id\":\"https:\/\/www.mepreci.com\/fr\/#organization\",\"name\":\"Mepreci\",\"url\":\"https:\/\/www.mepreci.com\/fr\/\",\"logo\":{\"@type\":\"ImageObject\",\"inLanguage\":\"fr-FR\",\"@id\":\"https:\/\/www.mepreci.com\/fr\/#\/schema\/logo\/image\/\",\"url\":\"https:\/\/www.mepreci.com\/wp-content\/uploads\/2025\/11\/logo.svg\",\"contentUrl\":\"https:\/\/www.mepreci.com\/wp-content\/uploads\/2025\/11\/logo.svg\",\"width\":639,\"height\":222,\"caption\":\"Mepreci\"},\"image\":{\"@id\":\"https:\/\/www.mepreci.com\/fr\/#\/schema\/logo\/image\/\"},\"sameAs\":[\"https:\/\/www.facebook.com\/profile.php?id=61583941005334\",\"https:\/\/www.linkedin.com\/company\/mepreci-sl\/posts\/\",\"https:\/\/www.instagram.com\/mepreci_metalworks\/\"]}]}<\/script>\n<!-- \/ Yoast SEO plugin. -->","yoast_head_json":{"title":"Contact | estampage m\u00e9tallique et usinage en Navarre","description":"Contactez Mepreci en Navarre pour vos projets d'estampage m\u00e9tallique, d'usinage, d'assemblages et de matri\u00e7age. Emplacement strat\u00e9gique.","robots":{"index":"index","follow":"follow","max-snippet":"max-snippet:-1","max-image-preview":"max-image-preview:large","max-video-preview":"max-video-preview:-1"},"canonical":"https:\/\/www.mepreci.com\/fr\/contact\/","og_locale":"fr_FR","og_type":"article","og_title":"Contact | estampage m\u00e9tallique et usinage en Navarre","og_description":"Contactez Mepreci en Navarre pour vos projets d'estampage m\u00e9tallique, d'usinage, d'assemblages et de matri\u00e7age. Emplacement strat\u00e9gique.","og_url":"https:\/\/www.mepreci.com\/fr\/contact\/","og_site_name":"Mepreci","article_publisher":"https:\/\/www.facebook.com\/profile.php?id=61583941005334","article_modified_time":"2025-12-15T14:31:14+00:00","twitter_card":"summary_large_image","twitter_misc":{"Dur\u00e9e de lecture estim\u00e9e":"2 minutes"},"schema":{"@context":"https:\/\/schema.org","@graph":[{"@type":"WebPage","@id":"https:\/\/www.mepreci.com\/fr\/contact\/","url":"https:\/\/www.mepreci.com\/fr\/contact\/","name":"Contact | estampage m\u00e9tallique et usinage en Navarre","isPartOf":{"@id":"https:\/\/www.mepreci.com\/fr\/#website"},"datePublished":"2025-11-24T17:04:13+00:00","dateModified":"2025-12-15T14:31:14+00:00","description":"Contactez Mepreci en Navarre pour vos projets d'estampage m\u00e9tallique, d'usinage, d'assemblages et de matri\u00e7age. Emplacement strat\u00e9gique.","breadcrumb":{"@id":"https:\/\/www.mepreci.com\/fr\/contact\/#breadcrumb"},"inLanguage":"fr-FR","potentialAction":[{"@type":"ReadAction","target":["https:\/\/www.mepreci.com\/fr\/contact\/"]}]},{"@type":"BreadcrumbList","@id":"https:\/\/www.mepreci.com\/fr\/contact\/#breadcrumb","itemListElement":[{"@type":"ListItem","position":1,"name":"Accueil","item":"https:\/\/www.mepreci.com\/fr\/"},{"@type":"ListItem","position":2,"name":"Contact"}]},{"@type":"WebSite","@id":"https:\/\/www.mepreci.com\/fr\/#website","url":"https:\/\/www.mepreci.com\/fr\/","name":"Mepreci","description":"Soluciones de estampaci\u00f3n met\u00e1lica, mecanizado\u2028 y matricer\u00eda.","publisher":{"@id":"https:\/\/www.mepreci.com\/fr\/#organization"},"potentialAction":[{"@type":"SearchAction","target":{"@type":"EntryPoint","urlTemplate":"https:\/\/www.mepreci.com\/fr\/?s={search_term_string}"},"query-input":{"@type":"PropertyValueSpecification","valueRequired":true,"valueName":"search_term_string"}}],"inLanguage":"fr-FR"},{"@type":"Organization","@id":"https:\/\/www.mepreci.com\/fr\/#organization","name":"Mepreci","url":"https:\/\/www.mepreci.com\/fr\/","logo":{"@type":"ImageObject","inLanguage":"fr-FR","@id":"https:\/\/www.mepreci.com\/fr\/#\/schema\/logo\/image\/","url":"https:\/\/www.mepreci.com\/wp-content\/uploads\/2025\/11\/logo.svg","contentUrl":"https:\/\/www.mepreci.com\/wp-content\/uploads\/2025\/11\/logo.svg","width":639,"height":222,"caption":"Mepreci"},"image":{"@id":"https:\/\/www.mepreci.com\/fr\/#\/schema\/logo\/image\/"},"sameAs":["https:\/\/www.facebook.com\/profile.php?id=61583941005334","https:\/\/www.linkedin.com\/company\/mepreci-sl\/posts\/","https:\/\/www.instagram.com\/mepreci_metalworks\/"]}]}},"_links":{"self":[{"href":"https:\/\/www.mepreci.com\/fr\/wp-json\/wp\/v2\/pages\/573","targetHints":{"allow":["GET"]}}],"collection":[{"href":"https:\/\/www.mepreci.com\/fr\/wp-json\/wp\/v2\/pages"}],"about":[{"href":"https:\/\/www.mepreci.com\/fr\/wp-json\/wp\/v2\/types\/page"}],"author":[{"embeddable":true,"href":"https:\/\/www.mepreci.com\/fr\/wp-json\/wp\/v2\/users\/1"}],"replies":[{"embeddable":true,"href":"https:\/\/www.mepreci.com\/fr\/wp-json\/wp\/v2\/comments?post=573"}],"version-history":[{"count":11,"href":"https:\/\/www.mepreci.com\/fr\/wp-json\/wp\/v2\/pages\/573\/revisions"}],"predecessor-version":[{"id":1233,"href":"https:\/\/www.mepreci.com\/fr\/wp-json\/wp\/v2\/pages\/573\/revisions\/1233"}],"wp:attachment":[{"href":"https:\/\/www.mepreci.com\/fr\/wp-json\/wp\/v2\/media?parent=573"}],"curies":[{"name":"wp","href":"https:\/\/api.w.org\/{rel}","templated":true}]}}