{"id":584,"date":"2025-10-08T15:12:56","date_gmt":"2025-10-08T13:12:56","guid":{"rendered":"https:\/\/www.mepreci.com\/politique-de-cookies\/"},"modified":"2025-12-15T11:20:17","modified_gmt":"2025-12-15T10:20:17","slug":"politique-de-cookies","status":"publish","type":"page","link":"https:\/\/www.mepreci.com\/fr\/politique-de-cookies\/","title":{"rendered":"Politique de cookies"},"content":{"rendered":"\n<div class=\"wp-block-group has-global-padding is-layout-constrained wp-container-core-group-is-layout-ccef4049 wp-block-group-is-layout-constrained\">\n<p><strong>1. Que sont les cookies\u00a0?<\/strong><\/p>\n\n\n\n<p>Les cookies sont de petits fichiers qui sont t\u00e9l\u00e9charg\u00e9s sur votre appareil (ordinateur, smartphone, tablette, etc.) lorsque vous acc\u00e9dez \u00e0 certaines pages web. Ils permettent, entre autres, de stocker et de r\u00e9cup\u00e9rer des informations sur les habitudes de navigation d\u2019un utilisateur ou de son \u00e9quipement.<\/p>\n\n\n\n<hr class=\"wp-block-separator has-alpha-channel-opacity\"\/>\n\n\n\n<p><strong>2. Quels types de cookies ce site web utilise-t-il\u00a0?<\/strong><\/p>\n\n\n\n<p>Le site web de MEPRECI utilise les cat\u00e9gories de cookies suivantes\u00a0:<\/p>\n\n\n\n<h3 class=\"wp-block-heading\">2.1. Cookies techniques ou n\u00e9cessaires<\/h3>\n\n\n\n<ul class=\"wp-block-list\">\n<li>Finalit\u00e9\u00a0: Ils permettent la navigation sur le site web, l\u2019utilisation des diff\u00e9rentes options ou services existants, tels que le contr\u00f4le du trafic et de la communication de donn\u00e9es, l\u2019identification de la session, l\u2019acc\u00e8s aux parties \u00e0 acc\u00e8s restreint, la m\u00e9morisation des \u00e9l\u00e9ments qui composent une commande (si applicable), etc.<\/li>\n\n\n\n<li>Base juridique\u00a0: Ils ne n\u00e9cessitent pas de consentement, ils sont install\u00e9s par d\u00e9faut.<\/li>\n<\/ul>\n\n\n\n<h3 class=\"wp-block-heading\">2.2. Cookies de pr\u00e9f\u00e9rences ou de personnalisation (le cas \u00e9ch\u00e9ant)<\/h3>\n\n\n\n<ul class=\"wp-block-list\">\n<li>Finalit\u00e9\u00a0: Ils m\u00e9morisent des informations pour que l\u2019utilisateur acc\u00e8de au service avec certaines caract\u00e9ristiques (telles que la langue, le type de navigateur, la r\u00e9gion depuis laquelle il acc\u00e8de, etc.).<\/li>\n\n\n\n<li>Base juridique\u00a0: Consentement de l\u2019utilisateur.<\/li>\n<\/ul>\n\n\n\n<h3 class=\"wp-block-heading\">2.3. Cookies d\u2019analyse ou de mesure<\/h3>\n\n\n\n<ul class=\"wp-block-list\">\n<li>Finalit\u00e9\u00a0: Ils permettent de quantifier le nombre d\u2019utilisateurs et ainsi de r\u00e9aliser la mesure et l\u2019analyse statistique de l\u2019utilisation que font les utilisateurs du service.<\/li>\n\n\n\n<li>Exemple\u00a0: <code>Google Analytics, TagManager y Recaptcha<\/code> <\/li>\n\n\n\n<li>Base juridique\u00a0: Consentement de l\u2019utilisateur.<\/li>\n<\/ul>\n\n\n\n<h3 class=\"wp-block-heading\">2.4. Cookies de publicit\u00e9 comportementale (le cas \u00e9ch\u00e9ant)<\/h3>\n\n\n\n<ul class=\"wp-block-list\">\n<li>Finalit\u00e9\u00a0: Ils stockent des informations sur le comportement des utilisateurs obtenues gr\u00e2ce \u00e0 l\u2019observation continue de leurs habitudes de navigation, ce qui permet de d\u00e9velopper un profil sp\u00e9cifique pour afficher de la publicit\u00e9 en fonction de celui-ci.<\/li>\n\n\n\n<li>Base juridique\u00a0: Consentement de l\u2019utilisateur.<\/li>\n<\/ul>\n\n\n\n<hr class=\"wp-block-separator has-alpha-channel-opacity\"\/>\n\n\n\n<p><strong>3. D\u00e9tail des cookies utilis\u00e9s<\/strong><\/p>\n\n\n\n<div class=\"wp-block-group table-mepreci has-global-padding is-layout-constrained wp-container-core-group-is-layout-4f9f0532 wp-block-group-is-layout-constrained\">\n<figure class=\"wp-block-table table-mepreci\"><table class=\"has-fixed-layout\"><thead><tr><th>Cookie<\/th><th>Type<\/th><th>Titulaire<\/th><th>Dur\u00e9e<\/th><th>Finalit\u00e9<\/th><\/tr><\/thead><tbody><tr><td><code>[[cookie_name]]<\/code><\/td><td>Technique<\/td><td>Propre<\/td><td><code>[[sesi\u00f3n\/X]]<\/code><\/td><td><code>[[Descripci\u00f3n breve]]<\/code><\/td><\/tr><tr><td><code>[[cookie_name]]<\/code><\/td><td>Analyse<\/td><td>Google LLC<\/td><td><code>[[X meses]]<\/code><\/td><td>Analyse de l\u2019utilisation du web (pages visit\u00e9es, temps, etc.).<\/td><\/tr><tr><td><code>[[cookie_name]]<\/code><\/td><td>Publicit\u00e9<\/td><td><code>[[tercero]]<\/code><\/td><td><code>[[X d\u00edas]]<\/code><\/td><td>Afficher des annonces personnalis\u00e9es bas\u00e9es sur le comportement.<\/td><\/tr><\/tbody><\/table><\/figure>\n<\/div>\n\n\n\n<hr class=\"wp-block-separator has-alpha-channel-opacity\"\/>\n\n\n\n<p><strong>4. Gestion du consentement<\/strong><\/p>\n\n\n\n<p>Lors de l\u2019acc\u00e8s au site web de MEPRECI, une <strong>banni\u00e8re de cookies<\/strong> s\u2019affiche, ce qui permet de\u00a0:<\/p>\n\n\n\n<ul class=\"wp-block-list\">\n<li>Accepter tous les cookies.<\/li>\n\n\n\n<li>Refuser tous les cookies non n\u00e9cessaires.<\/li>\n\n\n\n<li>Configurer les pr\u00e9f\u00e9rences par type de cookie.<\/li>\n<\/ul>\n\n\n\n<p>Les cookies non n\u00e9cessaires <strong>ne seront pas install\u00e9s<\/strong> tant que l\u2019utilisateur n\u2019aura pas donn\u00e9 son consentement expr\u00e8s.<\/p>\n\n\n\n<p>Vous pouvez modifier ou retirer votre consentement \u00e0 tout moment via le panneau de configuration des cookies accessible dans le lien <code>\u201cGestionar consentimiento\u201d abajo a la derecha<\/code>.<\/p>\n\n\n\n<hr class=\"wp-block-separator has-alpha-channel-opacity\"\/>\n\n\n\n<p><strong>5. Comment d\u00e9sactiver ou supprimer les cookies depuis le navigateur<\/strong><\/p>\n\n\n\n<p>Outre le panneau de configuration du site web, l\u2019utilisateur peut autoriser, bloquer ou supprimer les cookies install\u00e9s sur son \u00e9quipement en configurant les options du navigateur\u00a0:<\/p>\n\n\n\n<ul class=\"wp-block-list\">\n<li>Chrome<\/li>\n\n\n\n<li>Firefox<\/li>\n\n\n\n<li>Safari<\/li>\n\n\n\n<li>Edge<\/li>\n<\/ul>\n\n\n\n<hr class=\"wp-block-separator has-alpha-channel-opacity\"\/>\n\n\n\n<p><strong>6. Transferts internationaux<\/strong><\/p>\n\n\n\n<p>Dans le cas de cookies de tiers situ\u00e9s en dehors de l\u2019Espace \u00e9conomique europ\u00e9en, MEPRECI s\u2019assurera que le traitement des donn\u00e9es est effectu\u00e9 conform\u00e9ment aux garanties appropri\u00e9es, telles que l\u2019existence d\u2019une d\u00e9cision d\u2019ad\u00e9quation de la Commission europ\u00e9enne ou la signature de clauses contractuelles types.<\/p>\n\n\n\n<hr class=\"wp-block-separator has-alpha-channel-opacity\"\/>\n\n\n\n<p><strong>7. Mise \u00e0 jour de la politique de cookies<\/strong><\/p>\n\n\n\n<p>Nous pourrons mettre \u00e0 jour la pr\u00e9sente politique de cookies pour l\u2019adapter aux modifications de notre site web ou de la r\u00e9glementation applicable. Nous vous recommandons de la consulter r\u00e9guli\u00e8rement.<\/p>\n<\/div>\n","protected":false},"excerpt":{"rendered":"<p>1. Que sont les cookies\u00a0? Les cookies sont de petits fichiers qui sont t\u00e9l\u00e9charg\u00e9s sur votre appareil (ordinateur, smartphone, tablette, etc.) lorsque vous acc\u00e9dez \u00e0 certaines pages web. Ils permettent, entre autres, de stocker et de r\u00e9cup\u00e9rer des informations sur les habitudes de navigation d\u2019un utilisateur ou de son \u00e9quipement. 2. Quels types de cookies [&hellip;]<\/p>\n","protected":false},"author":1,"featured_media":0,"parent":0,"menu_order":0,"comment_status":"closed","ping_status":"closed","template":"wp-custom-template-paginas-interiores-mepreci","meta":{"footnotes":""},"class_list":["post-584","page","type-page","status-publish","hentry"],"yoast_head":"<!-- This site is optimized with the Yoast SEO plugin v26.6 - https:\/\/yoast.com\/wordpress\/plugins\/seo\/ -->\n<title>Politique de cookies - Mepreci<\/title>\n<meta name=\"robots\" content=\"noindex, nofollow\" \/>\n<meta property=\"og:locale\" content=\"fr_FR\" \/>\n<meta property=\"og:type\" content=\"article\" \/>\n<meta property=\"og:title\" content=\"Politique de cookies - Mepreci\" \/>\n<meta property=\"og:description\" content=\"1. Que sont les cookies\u00a0? Les cookies sont de petits fichiers qui sont t\u00e9l\u00e9charg\u00e9s sur votre appareil (ordinateur, smartphone, tablette, etc.) lorsque vous acc\u00e9dez \u00e0 certaines pages web. Ils permettent, entre autres, de stocker et de r\u00e9cup\u00e9rer des informations sur les habitudes de navigation d\u2019un utilisateur ou de son \u00e9quipement. 2. Quels types de cookies [&hellip;]\" \/>\n<meta property=\"og:url\" content=\"https:\/\/www.mepreci.com\/fr\/politique-de-cookies\/\" \/>\n<meta property=\"og:site_name\" content=\"Mepreci\" \/>\n<meta property=\"article:publisher\" content=\"https:\/\/www.facebook.com\/profile.php?id=61583941005334\" \/>\n<meta property=\"article:modified_time\" content=\"2025-12-15T10:20:17+00:00\" \/>\n<meta name=\"twitter:card\" content=\"summary_large_image\" \/>\n<meta name=\"twitter:label1\" content=\"Dur\u00e9e de lecture estim\u00e9e\" \/>\n\t<meta name=\"twitter:data1\" content=\"3 minutes\" \/>\n<script type=\"application\/ld+json\" class=\"yoast-schema-graph\">{\"@context\":\"https:\/\/schema.org\",\"@graph\":[{\"@type\":\"WebPage\",\"@id\":\"https:\/\/www.mepreci.com\/fr\/politique-de-cookies\/\",\"url\":\"https:\/\/www.mepreci.com\/fr\/politique-de-cookies\/\",\"name\":\"Politique de cookies - Mepreci\",\"isPartOf\":{\"@id\":\"https:\/\/www.mepreci.com\/fr\/#website\"},\"datePublished\":\"2025-10-08T13:12:56+00:00\",\"dateModified\":\"2025-12-15T10:20:17+00:00\",\"breadcrumb\":{\"@id\":\"https:\/\/www.mepreci.com\/fr\/politique-de-cookies\/#breadcrumb\"},\"inLanguage\":\"fr-FR\",\"potentialAction\":[{\"@type\":\"ReadAction\",\"target\":[\"https:\/\/www.mepreci.com\/fr\/politique-de-cookies\/\"]}]},{\"@type\":\"BreadcrumbList\",\"@id\":\"https:\/\/www.mepreci.com\/fr\/politique-de-cookies\/#breadcrumb\",\"itemListElement\":[{\"@type\":\"ListItem\",\"position\":1,\"name\":\"Accueil\",\"item\":\"https:\/\/www.mepreci.com\/fr\/\"},{\"@type\":\"ListItem\",\"position\":2,\"name\":\"Politique de cookies\"}]},{\"@type\":\"WebSite\",\"@id\":\"https:\/\/www.mepreci.com\/fr\/#website\",\"url\":\"https:\/\/www.mepreci.com\/fr\/\",\"name\":\"Mepreci\",\"description\":\"Soluciones de estampaci\u00f3n met\u00e1lica, mecanizado\\u2028 y matricer\u00eda.\",\"publisher\":{\"@id\":\"https:\/\/www.mepreci.com\/fr\/#organization\"},\"potentialAction\":[{\"@type\":\"SearchAction\",\"target\":{\"@type\":\"EntryPoint\",\"urlTemplate\":\"https:\/\/www.mepreci.com\/fr\/?s={search_term_string}\"},\"query-input\":{\"@type\":\"PropertyValueSpecification\",\"valueRequired\":true,\"valueName\":\"search_term_string\"}}],\"inLanguage\":\"fr-FR\"},{\"@type\":\"Organization\",\"@id\":\"https:\/\/www.mepreci.com\/fr\/#organization\",\"name\":\"Mepreci\",\"url\":\"https:\/\/www.mepreci.com\/fr\/\",\"logo\":{\"@type\":\"ImageObject\",\"inLanguage\":\"fr-FR\",\"@id\":\"https:\/\/www.mepreci.com\/fr\/#\/schema\/logo\/image\/\",\"url\":\"https:\/\/www.mepreci.com\/wp-content\/uploads\/2025\/11\/logo.svg\",\"contentUrl\":\"https:\/\/www.mepreci.com\/wp-content\/uploads\/2025\/11\/logo.svg\",\"width\":639,\"height\":222,\"caption\":\"Mepreci\"},\"image\":{\"@id\":\"https:\/\/www.mepreci.com\/fr\/#\/schema\/logo\/image\/\"},\"sameAs\":[\"https:\/\/www.facebook.com\/profile.php?id=61583941005334\",\"https:\/\/www.linkedin.com\/company\/mepreci-sl\/posts\/\",\"https:\/\/www.instagram.com\/mepreci_metalworks\/\"]}]}<\/script>\n<!-- \/ Yoast SEO plugin. -->","yoast_head_json":{"title":"Politique de cookies - Mepreci","robots":{"index":"noindex","follow":"nofollow"},"og_locale":"fr_FR","og_type":"article","og_title":"Politique de cookies - Mepreci","og_description":"1. Que sont les cookies\u00a0? Les cookies sont de petits fichiers qui sont t\u00e9l\u00e9charg\u00e9s sur votre appareil (ordinateur, smartphone, tablette, etc.) lorsque vous acc\u00e9dez \u00e0 certaines pages web. Ils permettent, entre autres, de stocker et de r\u00e9cup\u00e9rer des informations sur les habitudes de navigation d\u2019un utilisateur ou de son \u00e9quipement. 2. Quels types de cookies [&hellip;]","og_url":"https:\/\/www.mepreci.com\/fr\/politique-de-cookies\/","og_site_name":"Mepreci","article_publisher":"https:\/\/www.facebook.com\/profile.php?id=61583941005334","article_modified_time":"2025-12-15T10:20:17+00:00","twitter_card":"summary_large_image","twitter_misc":{"Dur\u00e9e de lecture estim\u00e9e":"3 minutes"},"schema":{"@context":"https:\/\/schema.org","@graph":[{"@type":"WebPage","@id":"https:\/\/www.mepreci.com\/fr\/politique-de-cookies\/","url":"https:\/\/www.mepreci.com\/fr\/politique-de-cookies\/","name":"Politique de cookies - Mepreci","isPartOf":{"@id":"https:\/\/www.mepreci.com\/fr\/#website"},"datePublished":"2025-10-08T13:12:56+00:00","dateModified":"2025-12-15T10:20:17+00:00","breadcrumb":{"@id":"https:\/\/www.mepreci.com\/fr\/politique-de-cookies\/#breadcrumb"},"inLanguage":"fr-FR","potentialAction":[{"@type":"ReadAction","target":["https:\/\/www.mepreci.com\/fr\/politique-de-cookies\/"]}]},{"@type":"BreadcrumbList","@id":"https:\/\/www.mepreci.com\/fr\/politique-de-cookies\/#breadcrumb","itemListElement":[{"@type":"ListItem","position":1,"name":"Accueil","item":"https:\/\/www.mepreci.com\/fr\/"},{"@type":"ListItem","position":2,"name":"Politique de cookies"}]},{"@type":"WebSite","@id":"https:\/\/www.mepreci.com\/fr\/#website","url":"https:\/\/www.mepreci.com\/fr\/","name":"Mepreci","description":"Soluciones de estampaci\u00f3n met\u00e1lica, mecanizado\u2028 y matricer\u00eda.","publisher":{"@id":"https:\/\/www.mepreci.com\/fr\/#organization"},"potentialAction":[{"@type":"SearchAction","target":{"@type":"EntryPoint","urlTemplate":"https:\/\/www.mepreci.com\/fr\/?s={search_term_string}"},"query-input":{"@type":"PropertyValueSpecification","valueRequired":true,"valueName":"search_term_string"}}],"inLanguage":"fr-FR"},{"@type":"Organization","@id":"https:\/\/www.mepreci.com\/fr\/#organization","name":"Mepreci","url":"https:\/\/www.mepreci.com\/fr\/","logo":{"@type":"ImageObject","inLanguage":"fr-FR","@id":"https:\/\/www.mepreci.com\/fr\/#\/schema\/logo\/image\/","url":"https:\/\/www.mepreci.com\/wp-content\/uploads\/2025\/11\/logo.svg","contentUrl":"https:\/\/www.mepreci.com\/wp-content\/uploads\/2025\/11\/logo.svg","width":639,"height":222,"caption":"Mepreci"},"image":{"@id":"https:\/\/www.mepreci.com\/fr\/#\/schema\/logo\/image\/"},"sameAs":["https:\/\/www.facebook.com\/profile.php?id=61583941005334","https:\/\/www.linkedin.com\/company\/mepreci-sl\/posts\/","https:\/\/www.instagram.com\/mepreci_metalworks\/"]}]}},"_links":{"self":[{"href":"https:\/\/www.mepreci.com\/fr\/wp-json\/wp\/v2\/pages\/584","targetHints":{"allow":["GET"]}}],"collection":[{"href":"https:\/\/www.mepreci.com\/fr\/wp-json\/wp\/v2\/pages"}],"about":[{"href":"https:\/\/www.mepreci.com\/fr\/wp-json\/wp\/v2\/types\/page"}],"author":[{"embeddable":true,"href":"https:\/\/www.mepreci.com\/fr\/wp-json\/wp\/v2\/users\/1"}],"replies":[{"embeddable":true,"href":"https:\/\/www.mepreci.com\/fr\/wp-json\/wp\/v2\/comments?post=584"}],"version-history":[{"count":7,"href":"https:\/\/www.mepreci.com\/fr\/wp-json\/wp\/v2\/pages\/584\/revisions"}],"predecessor-version":[{"id":1228,"href":"https:\/\/www.mepreci.com\/fr\/wp-json\/wp\/v2\/pages\/584\/revisions\/1228"}],"wp:attachment":[{"href":"https:\/\/www.mepreci.com\/fr\/wp-json\/wp\/v2\/media?parent=584"}],"curies":[{"name":"wp","href":"https:\/\/api.w.org\/{rel}","templated":true}]}}