{"id":586,"date":"2025-11-26T11:57:12","date_gmt":"2025-11-26T10:57:12","guid":{"rendered":"https:\/\/www.mepreci.com\/mentions-legales\/"},"modified":"2025-12-15T08:48:43","modified_gmt":"2025-12-15T07:48:43","slug":"mentions-legales","status":"publish","type":"page","link":"https:\/\/www.mepreci.com\/fr\/mentions-legales\/","title":{"rendered":"Mentions l\u00e9gales"},"content":{"rendered":"\n<div class=\"wp-block-group has-global-padding is-layout-constrained wp-container-core-group-is-layout-ccef4049 wp-block-group-is-layout-constrained\">\n<h2 class=\"wp-block-heading notop\"><strong>1. Informations d&rsquo;identification<\/strong><\/h2>\n\n\n\n<p>Conform\u00e9ment \u00e0 l&rsquo;obligation d&rsquo;information \u00e9tablie par la loi 34\/2002, du 11 juillet, sur les services de la soci\u00e9t\u00e9 de l&rsquo;information et le commerce \u00e9lectronique (LSSI-CE), les informations g\u00e9n\u00e9rales suivantes concernant le site web sont fournies :<\/p>\n\n\n\n<ul class=\"wp-block-list\">\n<li>Titulaire : <code>MEPRECI S.L.<\/code><\/li>\n\n\n\n<li>NIF\/CIF : <code><strong>B20710216<\/strong><\/code><\/li>\n\n\n\n<li>Adresse : <code><em>Pol.Ind. Alkaiaga C\/Ziobi n\u00ba 6 31770 Lesaka \u2013 Navarra<\/em><\/code><\/li>\n\n\n\n<li>Adresse \u00e9lectronique de contact : <code>mepreci@mepreci.com<\/code><\/li>\n\n\n\n<li>T\u00e9l\u00e9phone : <code><a href=\"tel:+34943638199\">943.63.81.99<\/a><em>\u2028<\/em><\/code><\/li>\n\n\n\n<li>Nom de domaine : <code>https:\/\/www.mepreci.com<\/code><\/li>\n<\/ul>\n\n\n\n<p>En cas d&rsquo;inscription au registre du commerce :<\/p>\n\n\n\n<ul class=\"wp-block-list\">\n<li>Donn\u00e9es d&rsquo;enregistrement : <code>Tomo 1993, Folio 78, Secci\u00f3n 8, Hoja 38456 del registro mercantil de Navarra<\/code><\/li>\n<\/ul>\n\n\n\n<hr class=\"wp-block-separator has-alpha-channel-opacity\"\/>\n\n\n\n<h2 class=\"wp-block-heading\"><strong>2. Objet du site web<\/strong><\/h2>\n\n\n\n<p>Le pr\u00e9sent site web a pour objet <code>servir de escaparate y ser una herramienta para poner a posibles clientes en contacto con MEPRECI S.L<\/code>.<\/p>\n\n\n\n<p>L&rsquo;acc\u00e8s et\/ou l&rsquo;utilisation de ce site web attribuent la condition d&rsquo;utilisateur et impliquent l&rsquo;acceptation des conditions \u00e9nonc\u00e9es ici.<\/p>\n\n\n\n<hr class=\"wp-block-separator has-alpha-channel-opacity\"\/>\n\n\n\n<h2 class=\"wp-block-heading\"><strong>3. Utilisation du site web<\/strong><\/h2>\n\n\n\n<p>L&rsquo;utilisateur s&rsquo;engage \u00e0 :<\/p>\n\n\n\n<ul class=\"wp-block-list\">\n<li>Ne pas utiliser le site web pour des activit\u00e9s illicites, contraires \u00e0 la bonne foi ou \u00e0 l&rsquo;ordre public.<\/li>\n\n\n\n<li>Ne pas tenter d&rsquo;acc\u00e9der \u00e0 des zones restreintes du site web sans autorisation.<\/li>\n\n\n\n<li>Ne pas introduire ou diffuser de virus informatiques ou tout autre syst\u00e8me physique ou logique susceptible de causer des dommages aux syst\u00e8mes de MEPRECI ou de tiers.<\/li>\n<\/ul>\n\n\n\n<p>MEPRECI se r\u00e9serve le droit de retirer ou de refuser l&rsquo;acc\u00e8s au site web, sans pr\u00e9avis, aux utilisateurs qui ne respectent pas les pr\u00e9sentes conditions.<\/p>\n\n\n\n<hr class=\"wp-block-separator has-alpha-channel-opacity\"\/>\n\n\n\n<h2 class=\"wp-block-heading\"><strong>4. Propri\u00e9t\u00e9 intellectuelle et industrielle<\/strong><\/h2>\n\n\n\n<p>Tous les contenus du site web, y compris, \u00e0 titre d&rsquo;exemple non limitatif : textes, images, graphiques, logos, ic\u00f4nes, logiciels, noms commerciaux, marques ou tout autre signe susceptible d&rsquo;\u00eatre utilis\u00e9 industriellement et commercialement, sont la propri\u00e9t\u00e9 de <code>MEPRECI S.L.<\/code> ou de tiers qui ont autoris\u00e9 son utilisation.<\/p>\n\n\n\n<p>La reproduction, la distribution, la communication publique, la transformation ou toute autre forme d&rsquo;exploitation non express\u00e9ment autoris\u00e9e par \u00e9crit par le titulaire sont interdites.<\/p>\n\n\n\n<p>L&rsquo;utilisateur s&rsquo;engage \u00e0 respecter les droits de propri\u00e9t\u00e9 intellectuelle et industrielle d\u00e9tenus par <code>MEPRECI S.L.<\/code>.<\/p>\n\n\n\n<hr class=\"wp-block-separator has-alpha-channel-opacity\"\/>\n\n\n\n<h2 class=\"wp-block-heading\"><strong>5. Liens<\/strong><\/h2>\n\n\n\n<p>Ce site web peut contenir des liens vers d&rsquo;autres sites Internet g\u00e9r\u00e9s par des tiers. MEPRECI n&rsquo;est pas responsable du contenu ou de l&rsquo;\u00e9tat de ces sites. L&rsquo;existence de ces liens n&rsquo;implique pas que MEPRECI recommande, approuve ou s&rsquo;approprie leur contenu.<\/p>\n\n\n\n<hr class=\"wp-block-separator has-alpha-channel-opacity\"\/>\n\n\n\n<h2 class=\"wp-block-heading\"><strong>6. Responsabilit\u00e9<\/strong><\/h2>\n\n\n\n<p>MEPRECI ne garantit pas :<\/p>\n\n\n\n<ul class=\"wp-block-list\">\n<li>La disponibilit\u00e9, la continuit\u00e9 et l&rsquo;utilit\u00e9 du site web ou de ses services.<\/li>\n\n\n\n<li>L&rsquo;absence de virus ou d&rsquo;autres \u00e9l\u00e9ments susceptibles de provoquer des alt\u00e9rations du syst\u00e8me informatique de l&rsquo;utilisateur.<\/li>\n<\/ul>\n\n\n\n<p>En aucun cas, MEPRECI ne sera responsable des dommages et pr\u00e9judices d\u00e9coulant de l&rsquo;utilisation du site web ou des d\u00e9cisions fond\u00e9es sur les informations fournies.<\/p>\n\n\n\n<hr class=\"wp-block-separator has-alpha-channel-opacity\"\/>\n\n\n\n<h2 class=\"wp-block-heading\"><strong>7. Protection des donn\u00e9es personnelles<\/strong><\/h2>\n\n\n\n<p>Le traitement des donn\u00e9es personnelles de l&rsquo;utilisateur via le site web est r\u00e9gi par les dispositions de la <strong>Politique de confidentialit\u00e9<\/strong>, que l&rsquo;utilisateur peut consulter dans la section correspondante.<\/p>\n\n\n\n<hr class=\"wp-block-separator has-alpha-channel-opacity\"\/>\n\n\n\n<h2 class=\"wp-block-heading\"><strong>9. L\u00e9gislation applicable et juridiction<\/strong><\/h2>\n\n\n\n<p>De mani\u00e8re g\u00e9n\u00e9rale, les relations entre MEPRECI et les utilisateurs de ses services en ligne sont r\u00e9gies par le droit espagnol et soumises \u00e0 la comp\u00e9tence des tribunaux espagnols.<br\/>Sauf disposition l\u00e9gale contraire, les parties se soumettent \u00e0 la comp\u00e9tence des tribunaux du 4e arrondissement judiciaire (Pampelune).<\/p>\n<\/div>\n","protected":false},"excerpt":{"rendered":"<p>1. Informations d&rsquo;identification Conform\u00e9ment \u00e0 l&rsquo;obligation d&rsquo;information \u00e9tablie par la loi 34\/2002, du 11 juillet, sur les services de la soci\u00e9t\u00e9 de l&rsquo;information et le commerce \u00e9lectronique (LSSI-CE), les informations g\u00e9n\u00e9rales suivantes concernant le site web sont fournies : En cas d&rsquo;inscription au registre du commerce : 2. Objet du site web Le pr\u00e9sent site [&hellip;]<\/p>\n","protected":false},"author":1,"featured_media":0,"parent":0,"menu_order":0,"comment_status":"closed","ping_status":"closed","template":"wp-custom-template-paginas-interiores-mepreci","meta":{"footnotes":""},"class_list":["post-586","page","type-page","status-publish","hentry"],"yoast_head":"<!-- This site is optimized with the Yoast SEO plugin v26.6 - https:\/\/yoast.com\/wordpress\/plugins\/seo\/ -->\n<title>Mentions l\u00e9gales - Mepreci<\/title>\n<meta name=\"robots\" content=\"noindex, nofollow\" \/>\n<meta property=\"og:locale\" content=\"fr_FR\" \/>\n<meta property=\"og:type\" content=\"article\" \/>\n<meta property=\"og:title\" content=\"Mentions l\u00e9gales - Mepreci\" \/>\n<meta property=\"og:description\" content=\"1. Informations d&rsquo;identification Conform\u00e9ment \u00e0 l&rsquo;obligation d&rsquo;information \u00e9tablie par la loi 34\/2002, du 11 juillet, sur les services de la soci\u00e9t\u00e9 de l&rsquo;information et le commerce \u00e9lectronique (LSSI-CE), les informations g\u00e9n\u00e9rales suivantes concernant le site web sont fournies : En cas d&rsquo;inscription au registre du commerce : 2. Objet du site web Le pr\u00e9sent site [&hellip;]\" \/>\n<meta property=\"og:url\" content=\"https:\/\/www.mepreci.com\/fr\/mentions-legales\/\" \/>\n<meta property=\"og:site_name\" content=\"Mepreci\" \/>\n<meta property=\"article:publisher\" content=\"https:\/\/www.facebook.com\/profile.php?id=61583941005334\" \/>\n<meta property=\"article:modified_time\" content=\"2025-12-15T07:48:43+00:00\" \/>\n<meta name=\"twitter:card\" content=\"summary_large_image\" \/>\n<meta name=\"twitter:label1\" content=\"Dur\u00e9e de lecture estim\u00e9e\" \/>\n\t<meta name=\"twitter:data1\" content=\"3 minutes\" \/>\n<script type=\"application\/ld+json\" class=\"yoast-schema-graph\">{\"@context\":\"https:\/\/schema.org\",\"@graph\":[{\"@type\":\"WebPage\",\"@id\":\"https:\/\/www.mepreci.com\/fr\/mentions-legales\/\",\"url\":\"https:\/\/www.mepreci.com\/fr\/mentions-legales\/\",\"name\":\"Mentions l\u00e9gales - Mepreci\",\"isPartOf\":{\"@id\":\"https:\/\/www.mepreci.com\/fr\/#website\"},\"datePublished\":\"2025-11-26T10:57:12+00:00\",\"dateModified\":\"2025-12-15T07:48:43+00:00\",\"breadcrumb\":{\"@id\":\"https:\/\/www.mepreci.com\/fr\/mentions-legales\/#breadcrumb\"},\"inLanguage\":\"fr-FR\",\"potentialAction\":[{\"@type\":\"ReadAction\",\"target\":[\"https:\/\/www.mepreci.com\/fr\/mentions-legales\/\"]}]},{\"@type\":\"BreadcrumbList\",\"@id\":\"https:\/\/www.mepreci.com\/fr\/mentions-legales\/#breadcrumb\",\"itemListElement\":[{\"@type\":\"ListItem\",\"position\":1,\"name\":\"Accueil\",\"item\":\"https:\/\/www.mepreci.com\/fr\/\"},{\"@type\":\"ListItem\",\"position\":2,\"name\":\"Mentions l\u00e9gales\"}]},{\"@type\":\"WebSite\",\"@id\":\"https:\/\/www.mepreci.com\/fr\/#website\",\"url\":\"https:\/\/www.mepreci.com\/fr\/\",\"name\":\"Mepreci\",\"description\":\"Soluciones de estampaci\u00f3n met\u00e1lica, mecanizado\\u2028 y matricer\u00eda.\",\"publisher\":{\"@id\":\"https:\/\/www.mepreci.com\/fr\/#organization\"},\"potentialAction\":[{\"@type\":\"SearchAction\",\"target\":{\"@type\":\"EntryPoint\",\"urlTemplate\":\"https:\/\/www.mepreci.com\/fr\/?s={search_term_string}\"},\"query-input\":{\"@type\":\"PropertyValueSpecification\",\"valueRequired\":true,\"valueName\":\"search_term_string\"}}],\"inLanguage\":\"fr-FR\"},{\"@type\":\"Organization\",\"@id\":\"https:\/\/www.mepreci.com\/fr\/#organization\",\"name\":\"Mepreci\",\"url\":\"https:\/\/www.mepreci.com\/fr\/\",\"logo\":{\"@type\":\"ImageObject\",\"inLanguage\":\"fr-FR\",\"@id\":\"https:\/\/www.mepreci.com\/fr\/#\/schema\/logo\/image\/\",\"url\":\"https:\/\/www.mepreci.com\/wp-content\/uploads\/2025\/11\/logo.svg\",\"contentUrl\":\"https:\/\/www.mepreci.com\/wp-content\/uploads\/2025\/11\/logo.svg\",\"width\":639,\"height\":222,\"caption\":\"Mepreci\"},\"image\":{\"@id\":\"https:\/\/www.mepreci.com\/fr\/#\/schema\/logo\/image\/\"},\"sameAs\":[\"https:\/\/www.facebook.com\/profile.php?id=61583941005334\",\"https:\/\/www.linkedin.com\/company\/mepreci-sl\/posts\/\",\"https:\/\/www.instagram.com\/mepreci_metalworks\/\"]}]}<\/script>\n<!-- \/ Yoast SEO plugin. -->","yoast_head_json":{"title":"Mentions l\u00e9gales - Mepreci","robots":{"index":"noindex","follow":"nofollow"},"og_locale":"fr_FR","og_type":"article","og_title":"Mentions l\u00e9gales - Mepreci","og_description":"1. Informations d&rsquo;identification Conform\u00e9ment \u00e0 l&rsquo;obligation d&rsquo;information \u00e9tablie par la loi 34\/2002, du 11 juillet, sur les services de la soci\u00e9t\u00e9 de l&rsquo;information et le commerce \u00e9lectronique (LSSI-CE), les informations g\u00e9n\u00e9rales suivantes concernant le site web sont fournies : En cas d&rsquo;inscription au registre du commerce : 2. Objet du site web Le pr\u00e9sent site [&hellip;]","og_url":"https:\/\/www.mepreci.com\/fr\/mentions-legales\/","og_site_name":"Mepreci","article_publisher":"https:\/\/www.facebook.com\/profile.php?id=61583941005334","article_modified_time":"2025-12-15T07:48:43+00:00","twitter_card":"summary_large_image","twitter_misc":{"Dur\u00e9e de lecture estim\u00e9e":"3 minutes"},"schema":{"@context":"https:\/\/schema.org","@graph":[{"@type":"WebPage","@id":"https:\/\/www.mepreci.com\/fr\/mentions-legales\/","url":"https:\/\/www.mepreci.com\/fr\/mentions-legales\/","name":"Mentions l\u00e9gales - Mepreci","isPartOf":{"@id":"https:\/\/www.mepreci.com\/fr\/#website"},"datePublished":"2025-11-26T10:57:12+00:00","dateModified":"2025-12-15T07:48:43+00:00","breadcrumb":{"@id":"https:\/\/www.mepreci.com\/fr\/mentions-legales\/#breadcrumb"},"inLanguage":"fr-FR","potentialAction":[{"@type":"ReadAction","target":["https:\/\/www.mepreci.com\/fr\/mentions-legales\/"]}]},{"@type":"BreadcrumbList","@id":"https:\/\/www.mepreci.com\/fr\/mentions-legales\/#breadcrumb","itemListElement":[{"@type":"ListItem","position":1,"name":"Accueil","item":"https:\/\/www.mepreci.com\/fr\/"},{"@type":"ListItem","position":2,"name":"Mentions l\u00e9gales"}]},{"@type":"WebSite","@id":"https:\/\/www.mepreci.com\/fr\/#website","url":"https:\/\/www.mepreci.com\/fr\/","name":"Mepreci","description":"Soluciones de estampaci\u00f3n met\u00e1lica, mecanizado\u2028 y matricer\u00eda.","publisher":{"@id":"https:\/\/www.mepreci.com\/fr\/#organization"},"potentialAction":[{"@type":"SearchAction","target":{"@type":"EntryPoint","urlTemplate":"https:\/\/www.mepreci.com\/fr\/?s={search_term_string}"},"query-input":{"@type":"PropertyValueSpecification","valueRequired":true,"valueName":"search_term_string"}}],"inLanguage":"fr-FR"},{"@type":"Organization","@id":"https:\/\/www.mepreci.com\/fr\/#organization","name":"Mepreci","url":"https:\/\/www.mepreci.com\/fr\/","logo":{"@type":"ImageObject","inLanguage":"fr-FR","@id":"https:\/\/www.mepreci.com\/fr\/#\/schema\/logo\/image\/","url":"https:\/\/www.mepreci.com\/wp-content\/uploads\/2025\/11\/logo.svg","contentUrl":"https:\/\/www.mepreci.com\/wp-content\/uploads\/2025\/11\/logo.svg","width":639,"height":222,"caption":"Mepreci"},"image":{"@id":"https:\/\/www.mepreci.com\/fr\/#\/schema\/logo\/image\/"},"sameAs":["https:\/\/www.facebook.com\/profile.php?id=61583941005334","https:\/\/www.linkedin.com\/company\/mepreci-sl\/posts\/","https:\/\/www.instagram.com\/mepreci_metalworks\/"]}]}},"_links":{"self":[{"href":"https:\/\/www.mepreci.com\/fr\/wp-json\/wp\/v2\/pages\/586","targetHints":{"allow":["GET"]}}],"collection":[{"href":"https:\/\/www.mepreci.com\/fr\/wp-json\/wp\/v2\/pages"}],"about":[{"href":"https:\/\/www.mepreci.com\/fr\/wp-json\/wp\/v2\/types\/page"}],"author":[{"embeddable":true,"href":"https:\/\/www.mepreci.com\/fr\/wp-json\/wp\/v2\/users\/1"}],"replies":[{"embeddable":true,"href":"https:\/\/www.mepreci.com\/fr\/wp-json\/wp\/v2\/comments?post=586"}],"version-history":[{"count":8,"href":"https:\/\/www.mepreci.com\/fr\/wp-json\/wp\/v2\/pages\/586\/revisions"}],"predecessor-version":[{"id":1196,"href":"https:\/\/www.mepreci.com\/fr\/wp-json\/wp\/v2\/pages\/586\/revisions\/1196"}],"wp:attachment":[{"href":"https:\/\/www.mepreci.com\/fr\/wp-json\/wp\/v2\/media?parent=586"}],"curies":[{"name":"wp","href":"https:\/\/api.w.org\/{rel}","templated":true}]}}