{"id":856,"date":"2025-11-24T18:03:37","date_gmt":"2025-11-24T17:03:37","guid":{"rendered":"https:\/\/www.mepreci.com\/de-latelier-local-au-partenaire-industriel-strategique\/"},"modified":"2025-12-18T08:57:56","modified_gmt":"2025-12-18T07:57:56","slug":"qui-sommes-nous","status":"publish","type":"page","link":"https:\/\/www.mepreci.com\/fr\/qui-sommes-nous\/","title":{"rendered":"De l&rsquo;atelier local au partenaire industriel strat\u00e9gique"},"content":{"rendered":"\n<div class=\"wp-block-group has-global-padding is-layout-constrained wp-container-core-group-is-layout-12243e0f wp-block-group-is-layout-constrained\">\n<p class=\"text-justify\"><strong>Mepreci S.L.<\/strong> a \u00e9t\u00e9 fond\u00e9e en 1990 \u00e0 <strong>Ir\u00fan <\/strong>et nous sommes aujourd&rsquo;hui bas\u00e9s \u00e0 [lieu manquant]. <strong> <\/strong>Bera (Navarre). <strong>Notre expertise r\u00e9side dans notre outillage int\u00e9gr\u00e9<\/strong>, l&#8217;emboutissage de pr\u00e9cision et l&rsquo;usinage de pi\u00e8ces, services que nous proposons dans le cadre de notre<a href=\"\/servicios-estampacion-metalica-mecanizado-matriceria\/\"> offre de fabrication.<br\/><br\/>Depuis nos d\u00e9buts, nous sommes pass\u00e9s d&rsquo;un atelier local \u00e0 un partenaire industriel capable de prendre en charge des projets complexes, de la conception de la pi\u00e8ce \u00e0 une production en s\u00e9rie stable.<\/a><br\/> <\/p>\n\n\n\n<p class=\"text-justify\">Notre implantation \u00e0 <strong>Bera de Bidasoa (Navarre) <\/strong>nous permet d&rsquo;op\u00e9rer \u00e0 proximit\u00e9 d&rsquo;Ir\u00fan, de <strong>Behobia et du sud de la France<\/strong>, optimisant ainsi la logistique pour nos clients et renfor\u00e7ant nos relations techniques \u00e0 long terme avec les fabricants du nord de l&rsquo;Espagne et du sud de la France, <a href=\"\/sectores-estampacion-metalica-automocion-industriales\/\">notamment dans des secteurs industriels exigeants tels que l&rsquo;automobile, l&rsquo;\u00e9lectrom\u00e9nager et l&rsquo;\u00e9nergie.<br\/><br\/>Cette proximit\u00e9 g\u00e9ographique, associ\u00e9e \u00e0 un \u00e9quipement polyvalent et \u00e0 des canaux de communication courts, nous permet de r\u00e9agir rapidement aux variations de la demande, aux ajustements de conception et aux nouveaux besoins de production.<\/a><\/p>\n\n\n\n<p class=\"text-justify\">Nous agissons en tant que partenaire technique : revue des plans et co-ing\u00e9nierie, <a href=\"\/servicios-estampacion-metalica-mecanizado-matriceria\/\">prototypage agile et production \u00e0 grande \u00e9chelle avec tra\u00e7abilit\u00e9 pour vos projets<\/a>.<br\/>Nous nous int\u00e9grons \u00e0 vos \u00e9quipes de d\u00e9veloppement pour identifier les risques de fabrication, optimiser les co\u00fbts et assurer une transition fluide du prototype \u00e0 la production, en minimisant les impr\u00e9vus.<br\/><\/p>\n<\/div>\n\n<div class=\"wp-block-group has-global-padding is-layout-constrained wp-container-core-group-is-layout-071fe3a8 wp-block-group-is-layout-constrained\">\n<div class=\"wp-block-columns is-layout-flex wp-container-core-columns-is-layout-28f84493 wp-block-columns-is-layout-flex\">\n<div class=\"wp-block-column is-layout-flow wp-block-column-is-layout-flow\">\n<h2 class=\"wp-block-heading mepreci-heading\">Notre trajectoire<\/h2>\n\n\n\n<div class=\"wp-block-group has-global-padding is-layout-constrained wp-block-group-is-layout-constrained\">\n<div class=\"wp-block-group timeline\">\n\n  <div class=\"wp-block-group timeline__item\">\n    <p>\n      <span class=\"timeline__year\">1990<\/span>\n\n<span class=\"timeline__text\">Fond\u00e9e comme un atelier local sp\u00e9cialis\u00e9 dans la fabrication d&rsquo;outils et de matrices.<\/span> \n    <\/p>\n  <\/div>\n\n  <div class=\"wp-block-group timeline__item\">\n    <p>\n      <span class=\"timeline__year\">1995<\/span>\n\n<span class=\"timeline__text\">Expansion dans les services d&#8217;emboutissage de m\u00e9taux.<\/span><br\/> \n    <\/p>\n  <\/div>\n\n  <div class=\"wp-block-group timeline__item\">\n    <p>\n      <span class=\"timeline__year\">2000<\/span>\n\n<span class=\"timeline__text\">Obtention des premi\u00e8res certifications dans le secteur automobile.<\/span><br\/> \n    <\/p>\n  <\/div>\n\n  <div class=\"wp-block-group timeline__item\">\n    <p>\n      <span class=\"timeline__year\">2005<\/span>\n\n<span class=\"timeline__text\">Investissement dans les capacit\u00e9s d&rsquo;usinage CNC.<\/span> \n    <\/p>\n  <\/div>\n\n  <div class=\"wp-block-group timeline__item\">\n    <p>\n      <span class=\"timeline__year\">2010<\/span>\n\n<span class=\"timeline__text\">Lancement des services internes de conception et de simulation.<\/span> \n    <\/p>\n  <\/div>\n\n  <div class=\"wp-block-group timeline__item\">\n    <p>\n      <span class=\"timeline__year\">2015<\/span>\n\n<span class=\"timeline__text\">Expansion pour desservir les secteurs de l&rsquo;\u00e9lectrom\u00e9nager (gros \u00e9lectrom\u00e9nager) et de l&rsquo;\u00e9lectronique.<\/span> \n    <\/p>\n  <\/div>\n\n  <div class=\"wp-block-group timeline__item\">\n    <p>\n      <span class=\"timeline__year\">2020<\/span>\n\n<span class=\"timeline__text\">Mise en \u0153uvre de syst\u00e8mes de contr\u00f4le qualit\u00e9 avanc\u00e9s.<\/span> \n    <\/p>\n  <\/div>\n\n  <div class=\"wp-block-group timeline__item\">\n    <p>\n      <span class=\"timeline__year\">2025<\/span>\n\n<span class=\"timeline__text\">Partenaire strat\u00e9gique pour les march\u00e9s du nord de l&rsquo;Espagne et du sud de la France.<\/span><br\/> \n    <\/p>\n  <\/div>\n\n<\/div>\n<\/div>\n<\/div>\n\n\n\n<div class=\"wp-block-column is-layout-flow wp-block-column-is-layout-flow\">\n<h2 class=\"wp-block-heading mepreci-heading\">Ce qui nous distingue<\/h2>\n\n\n\n<p>Bien plus qu&rsquo;un simple fabricant : nous sommes un partenaire de confiance, engag\u00e9 pour votre r\u00e9ussite.<br\/>Notre approche repose sur la transparence, la communication directe et une d\u00e9marche d&rsquo;am\u00e9lioration continue, garantissant ainsi le bon d\u00e9roulement de chaque projet.<\/p>\n\n\n\n<div style=\"height:30px\" aria-hidden=\"true\" class=\"wp-block-spacer\"><\/div>\n\n\n\n<ul class=\"wp-block-list beneficios-list\">\n<li><strong>Contact direct<\/strong><br\/>Parlez directement \u00e0 notre \u00e9quipe technique, qui comprend vos enjeux. Nous \u00e9liminons les interm\u00e9diaires inutiles: nous raccourcissons le circuit de communication afin que les d\u00e9cisions concernant la conception, les d\u00e9lais ou les modifications de processus soient rapides et \u00e9clair\u00e9es. <br\/><a href=\"https:\/\/www.mepreci.com\/fr\/contact\/\">Contactez Mepreci<\/a> et dites-nous ce dont vous avez besoin.<\/li>\n\n\n\n<li><strong>Proximit\u00e9 strat\u00e9gique<\/strong><br\/>Situ\u00e9s \u00e0 Bera, \u00e0 proximit\u00e9 des principaux centres industriels, nous pouvons ainsi combiner visites techniques sur site et logistique performante, r\u00e9duisant les temps d&rsquo;arr\u00eat et les co\u00fbts de transport. <\/li>\n\n\n\n<li><strong>R\u00e9ponse rapide<\/strong><br\/>Des d\u00e9lais d&rsquo;ex\u00e9cution rapides pour les devis et les prototypes afin de faire avancer vos projets, notamment pour nos <a href=\"\/servicios-estampacion-metalica-mecanizado-matriceria\/\"><strong>services d&#8217;emboutissage, d&rsquo;usinage et de fabrication de matrices<\/strong><\/a>.<br\/><\/li>\n\n\n\n<li><strong>Expertise technique<\/strong><br\/>Forts de plusieurs d\u00e9cennies d&rsquo;exp\u00e9rience dans la r\u00e9solution de probl\u00e8mes de fabrication complexes, nous avons identifi\u00e9 et r\u00e9solu des difficult\u00e9s dans de nombreux secteurs d&rsquo;activit\u00e9. Cette expertise nous permet d&rsquo;anticiper les risques et de proposer des solutions alternatives en mati\u00e8re de proc\u00e9d\u00e9s ou de conception avant m\u00eame qu&rsquo;ils ne posent probl\u00e8me sur votre ligne de production. <\/li>\n<\/ul>\n\n\n\n<div style=\"height:100px\" aria-hidden=\"true\" class=\"wp-block-spacer\"><\/div>\n<\/div>\n<\/div>\n\n\n\n<div class=\"wp-block-columns is-layout-flex wp-container-core-columns-is-layout-28f84493 wp-block-columns-is-layout-flex\">\n<div class=\"wp-block-column is-layout-flow wp-block-column-is-layout-flow\">\n<div class=\"carrusel\">\n  <img decoding=\"async\" class=\"slide\" src=\"\/wp-content\/uploads\/2025\/11\/vista_aerea_desde_bera_navarra.jpg\" alt=\"Vue a\u00e9rienne du paysage de Bera, en Navarre, montrant les espaces verts, les b\u00e2timents et les champs vus du ciel.\"\/>\n  <img decoding=\"async\" class=\"slide\" src=\"\/wp-content\/uploads\/2025\/11\/revisando_planos.jpg\" alt=\"Une personne assise \u00e0 une table de travail examine et annote des dessins techniques \u00e9tal\u00e9s sur le plan de travail, avec des outils et des pi\u00e8ces m\u00e9caniques visibles autour d'elle.\"\/>\n  <img decoding=\"async\" class=\"slide\" src=\"\/wp-content\/uploads\/2025\/11\/pieza_terminada.jpg\" alt=\"Tenir \u00e0 la main ou d\u00e9poser une pi\u00e8ce m\u00e9canique m\u00e9tallique finie sur un \u00e9tabli dans un environnement industriel.\"\/>\n  <img decoding=\"async\" class=\"slide\" src=\"\/wp-content\/uploads\/2025\/11\/supervisando_pieza.jpg\" alt=\"Gros plan sur des mains manipulant des outils sur une pi\u00e8ce m\u00e9canique m\u00e9tallique, plac\u00e9e sur un \u00e9tabli, entour\u00e9e de plusieurs outils.\"\/>\n\n  <div class=\"puntos\">\n    <span class=\"punto\" data-index=\"0\"><\/span>\n    <span class=\"punto\" data-index=\"1\"><\/span>\n    <span class=\"punto\" data-index=\"2\"><\/span>\n    <span class=\"punto\" data-index=\"3\"><\/span>\n  <\/div>\n<\/div>\n\n<script>\n  const slides = document.querySelectorAll(\".slide\");\n  const puntos = document.querySelectorAll(\".punto\");\n  let actual = 0;\n\n  function mostrar(i) {\n    slides.forEach(s => s.classList.remove(\"activa\"));\n    puntos.forEach(p => p.classList.remove(\"activo\"));\n    slides[i].classList.add(\"activa\");\n    puntos[i].classList.add(\"activo\");\n    actual = i;\n  }\n\n  \/\/ Cambio autom\u00e1tico cada 4 segundos\n  setInterval(() => {\n    let siguiente = (actual + 1) % slides.length;\n    mostrar(siguiente);\n  }, 4000);\n\n  \/\/ Cambiar al hacer clic en los puntos\n  puntos.forEach(p => {\n    p.addEventListener(\"click\", () => {\n      mostrar(parseInt(p.dataset.index));\n    });\n  });\n\n  \/\/ Mostrar la primera imagen\n  mostrar(0);\n<\/script>\n<\/div>\n<\/div>\n<\/div>\n\n<div class=\"wp-block-columns bg-brand-blue-100 is-layout-flex wp-container-core-columns-is-layout-28f84493 wp-block-columns-is-layout-flex\">\n<div class=\"wp-block-column pad-bot-bloque is-layout-flow wp-block-column-is-layout-flow\">\n<h2 class=\"wp-block-heading\">Notre mission<\/h2>\n\n\n\n<div class=\"wp-block-group has-global-padding is-layout-constrained wp-container-core-group-is-layout-4f9f0532 wp-block-group-is-layout-constrained\">\n<p class=\"has-text-align-center text-justify\">de plus grandes solutions de fabrication de pr\u00e9cision qui aident nos clients \u00e0 se rendre sur nos march\u00e9s et <strong><a href=\"\/sectores-estampacion-metalica-automocion-industriales\/\">dans nos secteurs industriels cl\u00e9s.<\/a><\/strong> Nous combinons notre exp\u00e9rience technique avec un service pratique pour nous convertir en une extension de votre \u00e9quipement. Si vous souhaitez que nous vous accompagnions dans votre prochain projet, <a href=\"https:\/\/www.mepreci.com\/fr\/contact\/#contacto\"><strong>parlons.<\/strong><\/a><br\/>Nous ne fabriquons pas seuls des pi\u00e8ces : nous portons des crit\u00e8res industriels, une vision du processus et un accompagnement continu depuis le premier ouvrage jusqu&rsquo;\u00e0 ce que la production soit stabilis\u00e9e.<\/p>\n\n\n\n<p class=\"has-text-align-center text-justify\">Chaque projet est une occasion de d\u00e9montrer notre engagement envers la qualit\u00e9, la fiabilit\u00e9 et l&rsquo;innovation.<\/p>\n\n\n\n<p class=\"has-text-align-center text-justify\">Nous travaillons avec des indicateurs clairs, des cycles d&rsquo;am\u00e9lioration et une approche \u00e0 long terme, vous pouvez donc faire confiance \u00e0 Mepreci comme partenaire stable dans votre strat\u00e9gie industrielle.<\/p>\n\n\n\n<div style=\"height:66px\" aria-hidden=\"true\" class=\"wp-block-spacer\"><\/div>\n<\/div>\n<\/div>\n<\/div>\n","protected":false},"excerpt":{"rendered":"<p>Mepreci S.L. a \u00e9t\u00e9 fond\u00e9e en 1990 \u00e0 Ir\u00fan et nous sommes aujourd&rsquo;hui bas\u00e9s \u00e0 [lieu manquant]. Bera (Navarre). Notre expertise r\u00e9side dans notre outillage int\u00e9gr\u00e9, l&#8217;emboutissage de pr\u00e9cision et l&rsquo;usinage de pi\u00e8ces, services que nous proposons dans le cadre de notre offre de fabrication. Depuis nos d\u00e9buts, nous sommes pass\u00e9s d&rsquo;un atelier local \u00e0 [&hellip;]<\/p>\n","protected":false},"author":1,"featured_media":0,"parent":0,"menu_order":0,"comment_status":"closed","ping_status":"closed","template":"wp-custom-template-paginas-interiores-mepreci","meta":{"footnotes":""},"class_list":["post-856","page","type-page","status-publish","hentry"],"yoast_head":"<!-- This site is optimized with the Yoast SEO plugin v26.6 - https:\/\/yoast.com\/wordpress\/plugins\/seo\/ -->\n<title>\u00c0 propos de nous | Mepreci, votre partenaire industriel dans la fabrication de m\u00e9taux<\/title>\n<meta name=\"description\" content=\"D&#039;un atelier local \u00e0 un partenaire industriel strat\u00e9gique dans l&#039;emboutissage, l&#039;usinage et la fabrication de matrices. Parcours, mission et approche technique.\" \/>\n<meta name=\"robots\" content=\"index, follow, max-snippet:-1, max-image-preview:large, max-video-preview:-1\" \/>\n<link rel=\"canonical\" href=\"https:\/\/www.mepreci.com\/fr\/qui-sommes-nous\/\" \/>\n<meta property=\"og:locale\" content=\"fr_FR\" \/>\n<meta property=\"og:type\" content=\"article\" \/>\n<meta property=\"og:title\" content=\"\u00c0 propos de nous | Mepreci, votre partenaire industriel dans la fabrication de m\u00e9taux\" \/>\n<meta property=\"og:description\" content=\"D&#039;un atelier local \u00e0 un partenaire industriel strat\u00e9gique dans l&#039;emboutissage, l&#039;usinage et la fabrication de matrices. Parcours, mission et approche technique.\" \/>\n<meta property=\"og:url\" content=\"https:\/\/www.mepreci.com\/fr\/qui-sommes-nous\/\" \/>\n<meta property=\"og:site_name\" content=\"Mepreci\" \/>\n<meta property=\"article:publisher\" content=\"https:\/\/www.facebook.com\/profile.php?id=61583941005334\" \/>\n<meta property=\"article:modified_time\" content=\"2025-12-18T07:57:56+00:00\" \/>\n<meta name=\"twitter:card\" content=\"summary_large_image\" \/>\n<meta name=\"twitter:label1\" content=\"Dur\u00e9e de lecture estim\u00e9e\" \/>\n\t<meta name=\"twitter:data1\" content=\"4 minutes\" \/>\n<script type=\"application\/ld+json\" class=\"yoast-schema-graph\">{\"@context\":\"https:\/\/schema.org\",\"@graph\":[{\"@type\":\"WebPage\",\"@id\":\"https:\/\/www.mepreci.com\/fr\/qui-sommes-nous\/\",\"url\":\"https:\/\/www.mepreci.com\/fr\/qui-sommes-nous\/\",\"name\":\"\u00c0 propos de nous | Mepreci, votre partenaire industriel dans la fabrication de m\u00e9taux\",\"isPartOf\":{\"@id\":\"https:\/\/www.mepreci.com\/fr\/#website\"},\"datePublished\":\"2025-11-24T17:03:37+00:00\",\"dateModified\":\"2025-12-18T07:57:56+00:00\",\"description\":\"D'un atelier local \u00e0 un partenaire industriel strat\u00e9gique dans l'emboutissage, l'usinage et la fabrication de matrices. Parcours, mission et approche technique.\",\"breadcrumb\":{\"@id\":\"https:\/\/www.mepreci.com\/fr\/qui-sommes-nous\/#breadcrumb\"},\"inLanguage\":\"fr-FR\",\"potentialAction\":[{\"@type\":\"ReadAction\",\"target\":[\"https:\/\/www.mepreci.com\/fr\/qui-sommes-nous\/\"]}]},{\"@type\":\"BreadcrumbList\",\"@id\":\"https:\/\/www.mepreci.com\/fr\/qui-sommes-nous\/#breadcrumb\",\"itemListElement\":[{\"@type\":\"ListItem\",\"position\":1,\"name\":\"Accueil\",\"item\":\"https:\/\/www.mepreci.com\/fr\/\"},{\"@type\":\"ListItem\",\"position\":2,\"name\":\"Qui sommes-nous\"}]},{\"@type\":\"WebSite\",\"@id\":\"https:\/\/www.mepreci.com\/fr\/#website\",\"url\":\"https:\/\/www.mepreci.com\/fr\/\",\"name\":\"Mepreci\",\"description\":\"Soluciones de estampaci\u00f3n met\u00e1lica, mecanizado\\u2028 y matricer\u00eda.\",\"publisher\":{\"@id\":\"https:\/\/www.mepreci.com\/fr\/#organization\"},\"potentialAction\":[{\"@type\":\"SearchAction\",\"target\":{\"@type\":\"EntryPoint\",\"urlTemplate\":\"https:\/\/www.mepreci.com\/fr\/?s={search_term_string}\"},\"query-input\":{\"@type\":\"PropertyValueSpecification\",\"valueRequired\":true,\"valueName\":\"search_term_string\"}}],\"inLanguage\":\"fr-FR\"},{\"@type\":\"Organization\",\"@id\":\"https:\/\/www.mepreci.com\/fr\/#organization\",\"name\":\"Mepreci\",\"url\":\"https:\/\/www.mepreci.com\/fr\/\",\"logo\":{\"@type\":\"ImageObject\",\"inLanguage\":\"fr-FR\",\"@id\":\"https:\/\/www.mepreci.com\/fr\/#\/schema\/logo\/image\/\",\"url\":\"https:\/\/www.mepreci.com\/wp-content\/uploads\/2025\/11\/logo.svg\",\"contentUrl\":\"https:\/\/www.mepreci.com\/wp-content\/uploads\/2025\/11\/logo.svg\",\"width\":639,\"height\":222,\"caption\":\"Mepreci\"},\"image\":{\"@id\":\"https:\/\/www.mepreci.com\/fr\/#\/schema\/logo\/image\/\"},\"sameAs\":[\"https:\/\/www.facebook.com\/profile.php?id=61583941005334\",\"https:\/\/www.linkedin.com\/company\/mepreci-sl\/posts\/\",\"https:\/\/www.instagram.com\/mepreci_metalworks\/\"]}]}<\/script>\n<!-- \/ Yoast SEO plugin. -->","yoast_head_json":{"title":"\u00c0 propos de nous | Mepreci, votre partenaire industriel dans la fabrication de m\u00e9taux","description":"D'un atelier local \u00e0 un partenaire industriel strat\u00e9gique dans l'emboutissage, l'usinage et la fabrication de matrices. Parcours, mission et approche technique.","robots":{"index":"index","follow":"follow","max-snippet":"max-snippet:-1","max-image-preview":"max-image-preview:large","max-video-preview":"max-video-preview:-1"},"canonical":"https:\/\/www.mepreci.com\/fr\/qui-sommes-nous\/","og_locale":"fr_FR","og_type":"article","og_title":"\u00c0 propos de nous | Mepreci, votre partenaire industriel dans la fabrication de m\u00e9taux","og_description":"D'un atelier local \u00e0 un partenaire industriel strat\u00e9gique dans l'emboutissage, l'usinage et la fabrication de matrices. Parcours, mission et approche technique.","og_url":"https:\/\/www.mepreci.com\/fr\/qui-sommes-nous\/","og_site_name":"Mepreci","article_publisher":"https:\/\/www.facebook.com\/profile.php?id=61583941005334","article_modified_time":"2025-12-18T07:57:56+00:00","twitter_card":"summary_large_image","twitter_misc":{"Dur\u00e9e de lecture estim\u00e9e":"4 minutes"},"schema":{"@context":"https:\/\/schema.org","@graph":[{"@type":"WebPage","@id":"https:\/\/www.mepreci.com\/fr\/qui-sommes-nous\/","url":"https:\/\/www.mepreci.com\/fr\/qui-sommes-nous\/","name":"\u00c0 propos de nous | Mepreci, votre partenaire industriel dans la fabrication de m\u00e9taux","isPartOf":{"@id":"https:\/\/www.mepreci.com\/fr\/#website"},"datePublished":"2025-11-24T17:03:37+00:00","dateModified":"2025-12-18T07:57:56+00:00","description":"D'un atelier local \u00e0 un partenaire industriel strat\u00e9gique dans l'emboutissage, l'usinage et la fabrication de matrices. Parcours, mission et approche technique.","breadcrumb":{"@id":"https:\/\/www.mepreci.com\/fr\/qui-sommes-nous\/#breadcrumb"},"inLanguage":"fr-FR","potentialAction":[{"@type":"ReadAction","target":["https:\/\/www.mepreci.com\/fr\/qui-sommes-nous\/"]}]},{"@type":"BreadcrumbList","@id":"https:\/\/www.mepreci.com\/fr\/qui-sommes-nous\/#breadcrumb","itemListElement":[{"@type":"ListItem","position":1,"name":"Accueil","item":"https:\/\/www.mepreci.com\/fr\/"},{"@type":"ListItem","position":2,"name":"Qui sommes-nous"}]},{"@type":"WebSite","@id":"https:\/\/www.mepreci.com\/fr\/#website","url":"https:\/\/www.mepreci.com\/fr\/","name":"Mepreci","description":"Soluciones de estampaci\u00f3n met\u00e1lica, mecanizado\u2028 y matricer\u00eda.","publisher":{"@id":"https:\/\/www.mepreci.com\/fr\/#organization"},"potentialAction":[{"@type":"SearchAction","target":{"@type":"EntryPoint","urlTemplate":"https:\/\/www.mepreci.com\/fr\/?s={search_term_string}"},"query-input":{"@type":"PropertyValueSpecification","valueRequired":true,"valueName":"search_term_string"}}],"inLanguage":"fr-FR"},{"@type":"Organization","@id":"https:\/\/www.mepreci.com\/fr\/#organization","name":"Mepreci","url":"https:\/\/www.mepreci.com\/fr\/","logo":{"@type":"ImageObject","inLanguage":"fr-FR","@id":"https:\/\/www.mepreci.com\/fr\/#\/schema\/logo\/image\/","url":"https:\/\/www.mepreci.com\/wp-content\/uploads\/2025\/11\/logo.svg","contentUrl":"https:\/\/www.mepreci.com\/wp-content\/uploads\/2025\/11\/logo.svg","width":639,"height":222,"caption":"Mepreci"},"image":{"@id":"https:\/\/www.mepreci.com\/fr\/#\/schema\/logo\/image\/"},"sameAs":["https:\/\/www.facebook.com\/profile.php?id=61583941005334","https:\/\/www.linkedin.com\/company\/mepreci-sl\/posts\/","https:\/\/www.instagram.com\/mepreci_metalworks\/"]}]}},"_links":{"self":[{"href":"https:\/\/www.mepreci.com\/fr\/wp-json\/wp\/v2\/pages\/856","targetHints":{"allow":["GET"]}}],"collection":[{"href":"https:\/\/www.mepreci.com\/fr\/wp-json\/wp\/v2\/pages"}],"about":[{"href":"https:\/\/www.mepreci.com\/fr\/wp-json\/wp\/v2\/types\/page"}],"author":[{"embeddable":true,"href":"https:\/\/www.mepreci.com\/fr\/wp-json\/wp\/v2\/users\/1"}],"replies":[{"embeddable":true,"href":"https:\/\/www.mepreci.com\/fr\/wp-json\/wp\/v2\/comments?post=856"}],"version-history":[{"count":20,"href":"https:\/\/www.mepreci.com\/fr\/wp-json\/wp\/v2\/pages\/856\/revisions"}],"predecessor-version":[{"id":1249,"href":"https:\/\/www.mepreci.com\/fr\/wp-json\/wp\/v2\/pages\/856\/revisions\/1249"}],"wp:attachment":[{"href":"https:\/\/www.mepreci.com\/fr\/wp-json\/wp\/v2\/media?parent=856"}],"curies":[{"name":"wp","href":"https:\/\/api.w.org\/{rel}","templated":true}]}}