{"id":864,"date":"2025-11-24T18:03:05","date_gmt":"2025-11-24T17:03:05","guid":{"rendered":"https:\/\/www.mepreci.com\/capacites-techniques-pour-des-projets-industriels-exigeants\/"},"modified":"2025-12-15T09:21:17","modified_gmt":"2025-12-15T08:21:17","slug":"services","status":"publish","type":"page","link":"https:\/\/www.mepreci.com\/fr\/services\/","title":{"rendered":"Capacit\u00e9s techniques pour des projets industriels exigeants"},"content":{"rendered":"\n<div class=\"wp-block-group has-global-padding is-layout-constrained wp-container-core-group-is-layout-12243e0f wp-block-group-is-layout-constrained\">\n<div class=\"wp-block-columns is-layout-flex wp-container-core-columns-is-layout-28f84493 wp-block-columns-is-layout-flex\">\n<div class=\"wp-block-column is-layout-flow wp-block-column-is-layout-flow\">\n<p class=\"text-justify\">Nous concevons et fabriquons des solutions m\u00e9talliques compl\u00e8tes : conception et calcul des matrices, simulation, outillage, emboutissage, usinage CNC, d\u00e9coupe laser et pliage. D\u00e8s le d\u00e9but du projet, nous int\u00e9grons le contr\u00f4le dimensionnel et la documentation afin de r\u00e9duire les risques et de garantir que chaque pi\u00e8ce arrive sur votre ligne de production dans l\u2019\u00e9tat sp\u00e9cifi\u00e9. <\/p>\n\n\n\n<p class=\"text-justify\">Nous travaillons comme partenaire technique pour des <a href=\"\/sectores\/\">secteurs industriels exigeants<\/a> : automobile, \u00e9lectrom\u00e9nager, construction, \u00e9lectronique et \u00e9nergie\/caoutchouc-m\u00e9tal. Nous nous adaptons \u00e0 votre cycle de vie : prototypes et pr\u00e9s\u00e9ries rapides, s\u00e9ries stables avec garantie de qualit\u00e9 et logistique. Si vous cherchez \u00e0 r\u00e9duire les d\u00e9lais, les rebuts et les reprises, nous vous aiderons gr\u00e2ce \u00e0 une ing\u00e9nierie pratique et une communication claire, adapt\u00e9es au mode de fonctionnement de vos \u00e9quipes.<\/p>\n<\/div>\n<\/div>\n<\/div>\n\n<div class=\"wp-block-group has-global-padding is-layout-constrained wp-block-group-is-layout-constrained\">\n<h2 class=\"wp-block-heading has-text-align-center\">Que faisons-nous ?<\/h2>\n\n\n\n<div class=\"wp-block-columns alignwide is-layout-flex wp-container-core-columns-is-layout-28f84493 wp-block-columns-is-layout-flex\">\n<div class=\"wp-block-column servicio-card-columna is-layout-flow wp-block-column-is-layout-flow\">\n<div class=\"wp-block-group servicio-card-columna__left has-global-padding is-layout-constrained wp-block-group-is-layout-constrained\">\n<h3 class=\"wp-block-heading has-text-align-center servicio-card-columna__title\">Emboutissage m\u00e9tallique<\/h3>\n\n\n\n<div class=\"wp-block-group servicio-card-columna__icon has-global-padding is-layout-constrained wp-block-group-is-layout-constrained\">\n<figure class=\"wp-block-image size-full icon-default\"><img decoding=\"async\" width=\"72\" height=\"72\" src=\"\/wp-content\/uploads\/2025\/11\/ln-estampacion-duotono-72.png\" alt=\"Ic&#xF4;ne d'une presse d'emboutissage dans un style duotone bleu et vert.\" class=\"wp-image-229\"\/><\/figure>\n\n\n\n<figure class=\"wp-block-image size-full icon-hover\"><img decoding=\"async\" width=\"72\" height=\"72\" src=\"\/wp-content\/uploads\/2025\/11\/ln-estampacion-blanco-72.png\" alt=\"Ic&#xF4;ne d'une presse d'emboutissage en style blanc.\" class=\"wp-image-214\"\/><\/figure>\n<\/div>\n<\/div>\n\n\n\n<div class=\"wp-block-group servicio-card-columna__content has-global-padding is-layout-constrained wp-block-group-is-layout-constrained\">\n<p class=\"servicio-card-columna__text\">Notre c\u0153ur de m\u00e9tier est la conception et la r\u00e9alisation de proc\u00e9d\u00e9s d&#8217;emboutissage pour les petites et grandes s\u00e9ries, en adaptant l&rsquo;outillage et les presses aux besoins sp\u00e9cifiques de chaque projet.<br\/>Nous proposons des op\u00e9rations de <strong>d\u00e9coupe, d&#8217;emboutissage, de poin\u00e7onnage et de formage<\/strong> sur des pi\u00e8ces de g\u00e9om\u00e9tries et d&rsquo;\u00e9paisseurs vari\u00e9es, en travaillant avec des mat\u00e9riaux couramment utilis\u00e9s dans les <a href=\"\/sectores-estampacion-metalica-automocion-industriales\/\">applications industrielles exigeantes<\/a>. <\/p>\n<\/div>\n<\/div>\n<\/div>\n\n\n\n<div class=\"wp-block-columns alignwide is-layout-flex wp-container-core-columns-is-layout-28f84493 wp-block-columns-is-layout-flex\">\n<div class=\"wp-block-column servicio-card-columna is-layout-flow wp-block-column-is-layout-flow\">\n<div class=\"wp-block-group servicio-card-columna__left has-global-padding is-layout-constrained wp-block-group-is-layout-constrained\">\n<h3 class=\"wp-block-heading has-text-align-center servicio-card-columna__title\">Usinage<\/h3>\n\n\n\n<div class=\"wp-block-group servicio-card-columna__icon has-global-padding is-layout-constrained wp-block-group-is-layout-constrained\">\n<figure class=\"wp-block-image size-full icon-default\"><img decoding=\"async\" width=\"72\" height=\"72\" src=\"\/wp-content\/uploads\/2025\/11\/ln-mecanizado-duotono-72.png\" alt=\"Ic&#xF4;ne d'usinage CNC avec un outil descendant travaillant sur une pi&#xE8;ce, dans un style duotone bleu et vert.\" class=\"wp-image-352\"\/><\/figure>\n\n\n\n<figure class=\"wp-block-image size-full icon-hover\"><img decoding=\"async\" width=\"72\" height=\"72\" src=\"\/wp-content\/uploads\/2025\/11\/ln-mecanizado-blanco-72.png\" alt=\"Ic&#xF4;ne d'usinage CNC avec un outil descendant travaillant sur une pi&#xE8;ce, en style blanc.\" class=\"wp-image-217\"\/><\/figure>\n<\/div>\n<\/div>\n\n\n\n<div class=\"wp-block-group servicio-card-columna__content has-global-padding is-layout-constrained wp-block-group-is-layout-constrained\">\n<p class=\"servicio-card-columna__text\">Pi\u00e8ces techniques aux finitions de pr\u00e9cision. Nous disposons de <strong>centres d&rsquo;usinage CNC<\/strong> et d&rsquo;\u00e9quipements de contr\u00f4le dimensionnel pour garantir des r\u00e9glages pr\u00e9cis, des g\u00e9om\u00e9tries complexes et une r\u00e9p\u00e9tabilit\u00e9 optimale en production de s\u00e9rie. <\/p>\n<\/div>\n<\/div>\n<\/div>\n\n\n\n<div class=\"wp-block-columns alignwide is-layout-flex wp-container-core-columns-is-layout-28f84493 wp-block-columns-is-layout-flex\">\n<div class=\"wp-block-column servicio-card-columna is-layout-flow wp-block-column-is-layout-flow\">\n<div class=\"wp-block-group servicio-card-columna__left has-global-padding is-layout-constrained wp-block-group-is-layout-constrained\">\n<h3 class=\"wp-block-heading has-text-align-center servicio-card-columna__title\">Assemblages<\/h3>\n\n\n\n<div class=\"wp-block-group servicio-card-columna__icon has-global-padding is-layout-constrained wp-block-group-is-layout-constrained\">\n<figure class=\"wp-block-image size-full icon-default\"><img decoding=\"async\" width=\"72\" height=\"72\" src=\"\/wp-content\/uploads\/2025\/11\/ln-montajes-duotono-72.png\" alt=\"Ic&#xF4;ne d'assemblages m&#xE9;caniques avec deux pi&#xE8;ces embo&#xEE;t&#xE9;es et un check dans un style duotone bleu et vert.\" class=\"wp-image-354\"\/><\/figure>\n\n\n\n<figure class=\"wp-block-image size-full icon-hover\"><img decoding=\"async\" width=\"72\" height=\"72\" src=\"\/wp-content\/uploads\/2025\/11\/ln-montajes-blanco-72-1.png\" alt=\"Ic&#xF4;ne d'assemblages m&#xE9;caniques avec deux pi&#xE8;ces embo&#xEE;t&#xE9;es et un check en style blanc.\" class=\"wp-image-353\"\/><\/figure>\n<\/div>\n<\/div>\n\n\n\n<div class=\"wp-block-group servicio-card-columna__content has-global-padding is-layout-constrained wp-block-group-is-layout-constrained\">\n<p class=\"servicio-card-columna__text\">Nous livrons des<strong> pi\u00e8ces pr\u00eates \u00e0 \u00eatre int\u00e9gr\u00e9es \u00e0 votre cha\u00eene de montage<\/strong>, ce qui r\u00e9duit les op\u00e9rations dans votre usine et simplifie votre logistique.<\/p>\n\n\n\n<p class=\"servicio-card-columna__text\">Nous combinons plusieurs articles en une seule unit\u00e9 d&rsquo;approvisionnement, conform\u00e9ment \u00e0 vos exigences en mati\u00e8re de qualit\u00e9, de d\u00e9lais et de tra\u00e7abilit\u00e9.<\/p>\n<\/div>\n<\/div>\n<\/div>\n\n\n\n<div class=\"wp-block-columns alignwide servicio-column.card is-layout-flex wp-container-core-columns-is-layout-28f84493 wp-block-columns-is-layout-flex\">\n<div class=\"wp-block-column servicio-card-columna is-layout-flow wp-block-column-is-layout-flow\">\n<div class=\"wp-block-group servicio-card-columna__left has-global-padding is-layout-constrained wp-block-group-is-layout-constrained\">\n<h3 class=\"wp-block-heading servicio-card-columna__title\">Matri\u00e7age<\/h3>\n\n\n\n<div class=\"wp-block-group servicio-card-columna__icon has-global-padding is-layout-constrained wp-block-group-is-layout-constrained\">\n<figure class=\"wp-block-image size-full icon-default\"><img decoding=\"async\" width=\"72\" height=\"72\" src=\"\/wp-content\/uploads\/2025\/11\/ln-matriceria-duotono-72.png\" alt=\"Ic&#xF4;ne de matri&#xE7;age avec deux plaques oppos&#xE9;es et des &#xE9;l&#xE9;ments circulaires centraux, dans un style duotone bleu et vert.\" class=\"wp-image-350\"\/><\/figure>\n\n\n\n<figure class=\"wp-block-image size-full icon-hover\"><img decoding=\"async\" width=\"72\" height=\"72\" src=\"\/wp-content\/uploads\/2025\/11\/ln-matriceria-blanco-72-1.png\" alt=\"Ic&#xF4;ne de matri&#xE7;age avec deux plaques oppos&#xE9;es et des &#xE9;l&#xE9;ments circulaires centraux, en style blanc.\" class=\"wp-image-349\"\/><\/figure>\n<\/div>\n<\/div>\n\n\n\n<div class=\"wp-block-group servicio-card-columna__content has-global-padding is-layout-constrained wp-block-group-is-layout-constrained\">\n<p class=\"servicio-card-columna__text\">Nous fabriquons et entretenons nos matrices en interne.<br\/>Cela nous permet de <strong>mieux ma\u00eetriser la qualit\u00e9 et les d\u00e9lais de livraison<\/strong>, d&rsquo;ajuster l&rsquo;outillage, d&rsquo;effectuer la maintenance pr\u00e9ventive et d&rsquo;int\u00e9grer rapidement les am\u00e9liorations de conception..<\/p>\n<\/div>\n<\/div>\n<\/div>\n\n\n\n<div class=\"wp-block-group is-content-justification-center is-nowrap is-layout-flex wp-container-core-group-is-layout-23441af8 wp-block-group-is-layout-flex\">\n<div class=\"wp-block-buttons bot-bg-lima is-content-justification-center is-layout-flex wp-container-core-buttons-is-layout-a89b3969 wp-block-buttons-is-layout-flex\">\n<div class=\"wp-block-button\"><a class=\"wp-block-button__link wp-element-button\" href=\"https:\/\/www.mepreci.com\/fr\/contact\/#contacto\">Demander un devis<\/a><\/div>\n<\/div>\n<\/div>\n<\/div>\n\n<div class=\"wp-block-group has-global-padding is-layout-constrained wp-block-group-is-layout-constrained\">\n<h2 class=\"wp-block-heading\">Qualit\u00e9 et certifications<\/h2>\n\n\n\n<div class=\"wp-block-columns alignwide is-layout-flex wp-container-core-columns-is-layout-28f84493 wp-block-columns-is-layout-flex\">\n<div class=\"wp-block-column mepreci-info-block  bg-brand-blue-100 is-layout-flow wp-block-column-is-layout-flow\" style=\"flex-basis:580px\">\n<figure class=\"wp-block-image size-full mepreci-info-block__icon\"><img decoding=\"async\" width=\"96\" height=\"96\" src=\"\/wp-content\/uploads\/2025\/11\/icono-revision-tecnica-planos-fabricabilidad-1.png\" alt=\"Ic&#xF4;ne de r&#xE9;vision de plan technique, repr&#xE9;sent&#xE9;e par une feuille et un symbole de coche dans un style bicolore bleu et vert.\" class=\"wp-image-137\"\/><\/figure>\n\n\n\n<h3 class=\"wp-block-heading fs-25 fw-bold\">Mat\u00e9riaux et r\u00e9glementations<br\/>Nous s\u00e9lectionnons les mat\u00e9riaux et les fournisseurs en fonction des exigences de chaque secteur.<\/h3>\n\n\n\n<p>Nos capacit\u00e9s de contr\u00f4le et d&rsquo;inspection comprennent:<\/p>\n\n\n\n<ul class=\"wp-block-list\">\n<li>Capacit\u00e9s d&rsquo;inspection avec<strong> machine \u00e0 mesurer tridimensionnelle (MMT).<\/strong><\/li>\n\n\n\n<li><strong>Contr\u00f4le statistique des processus (SPC) <\/strong>pour les processus critiques.<\/li>\n\n\n\n<li><strong>Inspection de la premi\u00e8re pi\u00e8ce (FAI)<\/strong> sur les nouveaux projets ou les changements importants.<\/li>\n\n\n\n<li>Documentation de tra\u00e7abilit\u00e9 compl\u00e8te par lot et par r\u00e9f\u00e9rence.<\/li>\n<\/ul>\n\n\n\n<p>Nous utilisons des mat\u00e9riaux et des traitements conformes aux r\u00e9glementations en vigueur dans les secteurs que nous desservons, en privil\u00e9giant toujours la coh\u00e9rence et la reproductibilit\u00e9.<\/p>\n<\/div>\n\n\n\n<div class=\"wp-block-column mepreci-info-block  bg-brand-lime-100 is-layout-flow wp-block-column-is-layout-flow\" style=\"flex-basis:580px\">\n<figure class=\"wp-block-image size-full mepreci-info-block__icon\"><img decoding=\"async\" width=\"96\" height=\"96\" src=\"\/wp-content\/uploads\/2025\/11\/icono-trazabilidad-certificada-control-dimensional-documental.png\" alt=\"Ic&#xF4;ne de tra&#xE7;abilit&#xE9; et de certification, repr&#xE9;sent&#xE9;e par un bouclier et une coche en style bicolore bleu et vert.\" class=\"wp-image-139\"\/><\/figure>\n\n\n\n<h3 class=\"wp-block-heading fs-25 fw-bold\">Contr\u00f4le de qualit\u00e9<\/h3>\n\n\n\n<p>Nos processus sont bas\u00e9s sur:<\/p>\n\n\n\n<ul class=\"wp-block-list\">\n<li>Certificats de mat\u00e9riaux disponibles sur demande.<\/li>\n\n\n\n<li>Conformit\u00e9 aux r\u00e9glementations <strong>RoHS<\/strong> et <strong>REACH <\/strong>dans les applications qui l&rsquo;exigent.<\/li>\n<\/ul>\n\n\n\n<p>Ce socle de qualit\u00e9 est ce qui soutient les engagements que nous prenons dans chaque projet d\u00e9crit dans nos <a href=\"\/sectores\/\">secteurs d&rsquo;activit\u00e9.<\/a><\/p>\n<\/div>\n<\/div>\n<\/div>\n\n<div class=\"wp-block-group has-global-padding is-layout-constrained wp-block-group-is-layout-constrained\">\n<h2 class=\"wp-block-heading\">Capacit\u00e9 industrielle et moyens de production<\/h2>\n\n\n\n<p>Nous disposons d&rsquo;installations optimis\u00e9es pour la gestion compl\u00e8te de projets industriels, de la conception des matrices \u00e0 la production en s\u00e9rie. Vous trouverez ci-dessous le d\u00e9tail de nos capacit\u00e9s en mati\u00e8re de validation des fournisseurs: <\/p>\n\n\n\n<figure class=\"wp-block-table table-mepreci\"><table class=\"has-fixed-layout\"><thead><tr><th>Technologie \/ Proc\u00e9d\u00e9<\/th><th>Plage de capacit\u00e9<\/th><th>Dimensions maximales<\/th><th>Mat\u00e9riaux et s\u00e9ries<\/th><\/tr><\/thead><tbody><tr><td><strong>Emboutissage des m\u00e9taux<\/strong><br\/><small>Presses excentriques et hydrauliques<\/small><\/td><td>De <strong>40 T <\/strong>\u00e0 <strong>400 T<\/strong><\/td><td>Tableau jusqu&rsquo;\u00e0 <strong>2500 x 1400 mm<\/strong><\/td><td>Acier, acier inoxydable, aluminium, laiton.<br\/>Petites, moyennes et grandes s\u00e9ries de production.<\/td><\/tr><tr><td><strong>Usinage CNC<\/strong><br\/>Centres d&rsquo;usinage et tours<\/td><td>Pr\u00e9cision jusqu&rsquo;\u00e0 <strong>0,01 mm<\/strong><\/td><td>Pi\u00e8ces jusqu&rsquo;\u00e0 <strong>[PONER MEDIDA] mm<\/strong><\/td><td>Usinage de pi\u00e8ces complexes et de prototypes.<\/td><\/tr><tr><td><strong>Outillage et conception<\/strong><br\/><small>Bureau technique interne<\/small><\/td><td>Conception CAO\/FAO et usinage par \u00e9lectro\u00e9rosion<\/td><td>Maintenance et construction interne<\/td><td>Conception et fabrication de matrices progressives et conventionnelles.<\/td><\/tr><tr><td><strong>Soudage et assemblage<\/strong><br\/><small>Finition<\/small><\/td><td>Soudage TIG\/MIG et par points<\/td><td>Postes d&rsquo;assemblage flexibles<\/td><td>Gestion de l&rsquo;assemblage des sous-ensembles et du traitement de surface.<\/td><\/tr><\/tbody><\/table><\/figure>\n<\/div>\n\n<div class=\"wp-block-group bloque-degradado has-global-padding is-layout-constrained wp-block-group-is-layout-constrained\">\n<div class=\"wp-block-columns alignfull is-layout-flex wp-container-core-columns-is-layout-28f84493 wp-block-columns-is-layout-flex\">\n<div class=\"wp-block-column has-global-padding is-layout-constrained wp-container-core-column-is-layout-4f9f0532 wp-block-column-is-layout-constrained\">\n<h2 class=\"wp-block-heading h2-line\">Avez-vous un plan ou un dessin ?<br\/>Nous vous aidons \u00e0 en faire une r\u00e9alit\u00e9.<\/h2>\n\n\n\n<p class=\"has-text-align-center\">Nous analysons la g\u00e9om\u00e9trie, proposons des ajustements de conception pour am\u00e9liorer la fabricabilit\u00e9 et d\u00e9finissons le processus d&#8217;emboutissage, d&rsquo;usinage et d&rsquo;assemblage le plus appropri\u00e9.<\/p>\n\n\n\n<p class=\"has-text-align-center\">Parlez-nous de votre projet : volume, d\u00e9lais, exigences de qualit\u00e9 et secteur d\u2019activit\u00e9. Nous vous ferons parvenir une proposition claire, un calendrier r\u00e9aliste et un plan d\u2019industrialisation adapt\u00e9 \u00e0 vos objectifs. <\/p>\n\n\n\n<div class=\"wp-block-group has-global-padding is-layout-constrained wp-container-core-group-is-layout-a0de3d40 wp-block-group-is-layout-constrained\">\n<div class=\"wp-block-buttons bot-bg-negro is-content-justification-center is-nowrap is-layout-flex wp-container-core-buttons-is-layout-12a27398 wp-block-buttons-is-layout-flex\">\n<div class=\"wp-block-button\"><a class=\"wp-block-button__link wp-element-button\" href=\"https:\/\/www.mepreci.com\/fr\/contact\/#contacto\">Contactez-nous<\/a><\/div>\n<\/div>\n<\/div>\n<\/div>\n<\/div>\n<\/div>\n","protected":false},"excerpt":{"rendered":"<p>Nous concevons et fabriquons des solutions m\u00e9talliques compl\u00e8tes : conception et calcul des matrices, simulation, outillage, emboutissage, usinage CNC, d\u00e9coupe laser et pliage. D\u00e8s le d\u00e9but du projet, nous int\u00e9grons le contr\u00f4le dimensionnel et la documentation afin de r\u00e9duire les risques et de garantir que chaque pi\u00e8ce arrive sur votre ligne de production dans l\u2019\u00e9tat [&hellip;]<\/p>\n","protected":false},"author":1,"featured_media":0,"parent":0,"menu_order":0,"comment_status":"closed","ping_status":"closed","template":"wp-custom-template-paginas-interiores-mepreci","meta":{"footnotes":""},"class_list":["post-864","page","type-page","status-publish","hentry"],"yoast_head":"<!-- This site is optimized with the Yoast SEO plugin v26.6 - https:\/\/yoast.com\/wordpress\/plugins\/seo\/ -->\n<title>Services | Emboutissage de m\u00e9taux, usinage CNC et fabrication de matrices<\/title>\n<meta name=\"description\" content=\"Services : emboutissage de m\u00e9taux, usinage CNC, assemblage et outillage interne. Ma\u00eetrise de l\u2019ensemble du processus, contr\u00f4le qualit\u00e9 et tra\u00e7abilit\u00e9.\" \/>\n<meta name=\"robots\" content=\"index, follow, max-snippet:-1, max-image-preview:large, max-video-preview:-1\" \/>\n<link rel=\"canonical\" href=\"https:\/\/www.mepreci.com\/fr\/services\/\" \/>\n<meta property=\"og:locale\" content=\"fr_FR\" \/>\n<meta property=\"og:type\" content=\"article\" \/>\n<meta property=\"og:title\" content=\"Services | Emboutissage de m\u00e9taux, usinage CNC et fabrication de matrices\" \/>\n<meta property=\"og:description\" content=\"Services : emboutissage de m\u00e9taux, usinage CNC, assemblage et outillage interne. Ma\u00eetrise de l\u2019ensemble du processus, contr\u00f4le qualit\u00e9 et tra\u00e7abilit\u00e9.\" \/>\n<meta property=\"og:url\" content=\"https:\/\/www.mepreci.com\/fr\/services\/\" \/>\n<meta property=\"og:site_name\" content=\"Mepreci\" \/>\n<meta property=\"article:publisher\" content=\"https:\/\/www.facebook.com\/profile.php?id=61583941005334\" \/>\n<meta property=\"article:modified_time\" content=\"2025-12-15T08:21:17+00:00\" \/>\n<meta name=\"twitter:card\" content=\"summary_large_image\" \/>\n<meta name=\"twitter:label1\" content=\"Dur\u00e9e de lecture estim\u00e9e\" \/>\n\t<meta name=\"twitter:data1\" content=\"6 minutes\" \/>\n<script type=\"application\/ld+json\" class=\"yoast-schema-graph\">{\"@context\":\"https:\/\/schema.org\",\"@graph\":[{\"@type\":\"WebPage\",\"@id\":\"https:\/\/www.mepreci.com\/fr\/services\/\",\"url\":\"https:\/\/www.mepreci.com\/fr\/services\/\",\"name\":\"Services | Emboutissage de m\u00e9taux, usinage CNC et fabrication de matrices\",\"isPartOf\":{\"@id\":\"https:\/\/www.mepreci.com\/fr\/#website\"},\"datePublished\":\"2025-11-24T17:03:05+00:00\",\"dateModified\":\"2025-12-15T08:21:17+00:00\",\"description\":\"Services : emboutissage de m\u00e9taux, usinage CNC, assemblage et outillage interne. Ma\u00eetrise de l\u2019ensemble du processus, contr\u00f4le qualit\u00e9 et tra\u00e7abilit\u00e9.\",\"breadcrumb\":{\"@id\":\"https:\/\/www.mepreci.com\/fr\/services\/#breadcrumb\"},\"inLanguage\":\"fr-FR\",\"potentialAction\":[{\"@type\":\"ReadAction\",\"target\":[\"https:\/\/www.mepreci.com\/fr\/services\/\"]}]},{\"@type\":\"BreadcrumbList\",\"@id\":\"https:\/\/www.mepreci.com\/fr\/services\/#breadcrumb\",\"itemListElement\":[{\"@type\":\"ListItem\",\"position\":1,\"name\":\"Accueil\",\"item\":\"https:\/\/www.mepreci.com\/fr\/\"},{\"@type\":\"ListItem\",\"position\":2,\"name\":\"Services\"}]},{\"@type\":\"WebSite\",\"@id\":\"https:\/\/www.mepreci.com\/fr\/#website\",\"url\":\"https:\/\/www.mepreci.com\/fr\/\",\"name\":\"Mepreci\",\"description\":\"Soluciones de estampaci\u00f3n met\u00e1lica, mecanizado\\u2028 y matricer\u00eda.\",\"publisher\":{\"@id\":\"https:\/\/www.mepreci.com\/fr\/#organization\"},\"potentialAction\":[{\"@type\":\"SearchAction\",\"target\":{\"@type\":\"EntryPoint\",\"urlTemplate\":\"https:\/\/www.mepreci.com\/fr\/?s={search_term_string}\"},\"query-input\":{\"@type\":\"PropertyValueSpecification\",\"valueRequired\":true,\"valueName\":\"search_term_string\"}}],\"inLanguage\":\"fr-FR\"},{\"@type\":\"Organization\",\"@id\":\"https:\/\/www.mepreci.com\/fr\/#organization\",\"name\":\"Mepreci\",\"url\":\"https:\/\/www.mepreci.com\/fr\/\",\"logo\":{\"@type\":\"ImageObject\",\"inLanguage\":\"fr-FR\",\"@id\":\"https:\/\/www.mepreci.com\/fr\/#\/schema\/logo\/image\/\",\"url\":\"https:\/\/www.mepreci.com\/wp-content\/uploads\/2025\/11\/logo.svg\",\"contentUrl\":\"https:\/\/www.mepreci.com\/wp-content\/uploads\/2025\/11\/logo.svg\",\"width\":639,\"height\":222,\"caption\":\"Mepreci\"},\"image\":{\"@id\":\"https:\/\/www.mepreci.com\/fr\/#\/schema\/logo\/image\/\"},\"sameAs\":[\"https:\/\/www.facebook.com\/profile.php?id=61583941005334\",\"https:\/\/www.linkedin.com\/company\/mepreci-sl\/posts\/\",\"https:\/\/www.instagram.com\/mepreci_metalworks\/\"]}]}<\/script>\n<!-- \/ Yoast SEO plugin. -->","yoast_head_json":{"title":"Services | Emboutissage de m\u00e9taux, usinage CNC et fabrication de matrices","description":"Services : emboutissage de m\u00e9taux, usinage CNC, assemblage et outillage interne. Ma\u00eetrise de l\u2019ensemble du processus, contr\u00f4le qualit\u00e9 et tra\u00e7abilit\u00e9.","robots":{"index":"index","follow":"follow","max-snippet":"max-snippet:-1","max-image-preview":"max-image-preview:large","max-video-preview":"max-video-preview:-1"},"canonical":"https:\/\/www.mepreci.com\/fr\/services\/","og_locale":"fr_FR","og_type":"article","og_title":"Services | Emboutissage de m\u00e9taux, usinage CNC et fabrication de matrices","og_description":"Services : emboutissage de m\u00e9taux, usinage CNC, assemblage et outillage interne. Ma\u00eetrise de l\u2019ensemble du processus, contr\u00f4le qualit\u00e9 et tra\u00e7abilit\u00e9.","og_url":"https:\/\/www.mepreci.com\/fr\/services\/","og_site_name":"Mepreci","article_publisher":"https:\/\/www.facebook.com\/profile.php?id=61583941005334","article_modified_time":"2025-12-15T08:21:17+00:00","twitter_card":"summary_large_image","twitter_misc":{"Dur\u00e9e de lecture estim\u00e9e":"6 minutes"},"schema":{"@context":"https:\/\/schema.org","@graph":[{"@type":"WebPage","@id":"https:\/\/www.mepreci.com\/fr\/services\/","url":"https:\/\/www.mepreci.com\/fr\/services\/","name":"Services | Emboutissage de m\u00e9taux, usinage CNC et fabrication de matrices","isPartOf":{"@id":"https:\/\/www.mepreci.com\/fr\/#website"},"datePublished":"2025-11-24T17:03:05+00:00","dateModified":"2025-12-15T08:21:17+00:00","description":"Services : emboutissage de m\u00e9taux, usinage CNC, assemblage et outillage interne. Ma\u00eetrise de l\u2019ensemble du processus, contr\u00f4le qualit\u00e9 et tra\u00e7abilit\u00e9.","breadcrumb":{"@id":"https:\/\/www.mepreci.com\/fr\/services\/#breadcrumb"},"inLanguage":"fr-FR","potentialAction":[{"@type":"ReadAction","target":["https:\/\/www.mepreci.com\/fr\/services\/"]}]},{"@type":"BreadcrumbList","@id":"https:\/\/www.mepreci.com\/fr\/services\/#breadcrumb","itemListElement":[{"@type":"ListItem","position":1,"name":"Accueil","item":"https:\/\/www.mepreci.com\/fr\/"},{"@type":"ListItem","position":2,"name":"Services"}]},{"@type":"WebSite","@id":"https:\/\/www.mepreci.com\/fr\/#website","url":"https:\/\/www.mepreci.com\/fr\/","name":"Mepreci","description":"Soluciones de estampaci\u00f3n met\u00e1lica, mecanizado\u2028 y matricer\u00eda.","publisher":{"@id":"https:\/\/www.mepreci.com\/fr\/#organization"},"potentialAction":[{"@type":"SearchAction","target":{"@type":"EntryPoint","urlTemplate":"https:\/\/www.mepreci.com\/fr\/?s={search_term_string}"},"query-input":{"@type":"PropertyValueSpecification","valueRequired":true,"valueName":"search_term_string"}}],"inLanguage":"fr-FR"},{"@type":"Organization","@id":"https:\/\/www.mepreci.com\/fr\/#organization","name":"Mepreci","url":"https:\/\/www.mepreci.com\/fr\/","logo":{"@type":"ImageObject","inLanguage":"fr-FR","@id":"https:\/\/www.mepreci.com\/fr\/#\/schema\/logo\/image\/","url":"https:\/\/www.mepreci.com\/wp-content\/uploads\/2025\/11\/logo.svg","contentUrl":"https:\/\/www.mepreci.com\/wp-content\/uploads\/2025\/11\/logo.svg","width":639,"height":222,"caption":"Mepreci"},"image":{"@id":"https:\/\/www.mepreci.com\/fr\/#\/schema\/logo\/image\/"},"sameAs":["https:\/\/www.facebook.com\/profile.php?id=61583941005334","https:\/\/www.linkedin.com\/company\/mepreci-sl\/posts\/","https:\/\/www.instagram.com\/mepreci_metalworks\/"]}]}},"_links":{"self":[{"href":"https:\/\/www.mepreci.com\/fr\/wp-json\/wp\/v2\/pages\/864","targetHints":{"allow":["GET"]}}],"collection":[{"href":"https:\/\/www.mepreci.com\/fr\/wp-json\/wp\/v2\/pages"}],"about":[{"href":"https:\/\/www.mepreci.com\/fr\/wp-json\/wp\/v2\/types\/page"}],"author":[{"embeddable":true,"href":"https:\/\/www.mepreci.com\/fr\/wp-json\/wp\/v2\/users\/1"}],"replies":[{"embeddable":true,"href":"https:\/\/www.mepreci.com\/fr\/wp-json\/wp\/v2\/comments?post=864"}],"version-history":[{"count":25,"href":"https:\/\/www.mepreci.com\/fr\/wp-json\/wp\/v2\/pages\/864\/revisions"}],"predecessor-version":[{"id":1202,"href":"https:\/\/www.mepreci.com\/fr\/wp-json\/wp\/v2\/pages\/864\/revisions\/1202"}],"wp:attachment":[{"href":"https:\/\/www.mepreci.com\/fr\/wp-json\/wp\/v2\/media?parent=864"}],"curies":[{"name":"wp","href":"https:\/\/api.w.org\/{rel}","templated":true}]}}