{"id":989,"date":"2025-10-08T15:12:56","date_gmt":"2025-10-08T13:12:56","guid":{"rendered":"https:\/\/www.mepreci.com\/politique-de-confidentialite\/"},"modified":"2025-12-12T08:41:37","modified_gmt":"2025-12-12T07:41:37","slug":"politique-de-confidentialite","status":"publish","type":"page","link":"https:\/\/www.mepreci.com\/fr\/politique-de-confidentialite\/","title":{"rendered":"politique de confidentialit\u00e9"},"content":{"rendered":"\n<div class=\"wp-block-group has-global-padding is-layout-constrained wp-container-core-group-is-layout-b0bd1b56 wp-block-group-is-layout-constrained\">\n<p><strong>1. Responsable du traitement des donn\u00e9es<\/strong><\/p>\n\n\n\n<ul class=\"wp-block-list\">\n<li>Responsable: <code>MEPRECI S.L.<\/code><\/li>\n\n\n\n<li>NIF\/CIF : <code>[[NIF\/CIF]]<\/code><\/li>\n\n\n\n<li>Adresse : <code><code><em>Pol.Ind. Alkaiaga C\/Ziobi n\u00ba 6 31770 Lesaka \u2013 Navarra<\/em><\/code><\/code><\/li>\n\n\n\n<li>Courriel de contact: <code><code>mepreci@mepreci.com<\/code><\/code><\/li>\n\n\n\n<li>T\u00e9l\u00e9phone (facultatif): <code><code><a href=\"tel:+34943638199\">943.63.81.99<\/a><\/code><\/code><\/li>\n<\/ul>\n\n\n\n<p>S\u2019il existe un d\u00e9l\u00e9gu\u00e9 \u00e0 la protection des donn\u00e9es (DPO) :<\/p>\n\n\n\n<ul class=\"wp-block-list\">\n<li>DPO: <code>[[NOMBRE \/ EMPRESA DPO, SI APLICA]]<\/code><\/li>\n\n\n\n<li>Contact DPO: <code>[[EMAIL DPO]]<\/code><\/li>\n<\/ul>\n\n\n\n<hr class=\"wp-block-separator has-alpha-channel-opacity\"\/>\n\n\n\n<p><strong>2. Donn\u00e9es trait\u00e9es, finalit\u00e9s et base juridique<\/strong><\/p>\n\n\n\n<p>Selon votre utilisation du site web MEPRECI, nous pouvons traiter diff\u00e9rentes cat\u00e9gories de donn\u00e9es aux fins suivantes :<\/p>\n\n\n\n<h3 class=\"wp-block-heading\">2.1. Formulaire de contact \/ demandes de renseignements<\/h3>\n\n\n\n<ul class=\"wp-block-list\">\n<li>D\u00e9tails : Nom, pr\u00e9nom, adresse \u00e9lectronique, num\u00e9ro de t\u00e9l\u00e9phone (si demand\u00e9), sujet et message.<\/li>\n\n\n\n<li><strong>Objectif <\/strong>: Traiter et g\u00e9rer les demandes de renseignements re\u00e7ues.<\/li>\n\n\n\n<li><strong>Base juridique <\/strong>: l\u2019int\u00e9r\u00eat l\u00e9gitime de MEPRECI \u00e0 g\u00e9rer les communications (art. 6.1.f RGPD) et\/ou les mesures pr\u00e9contractuelles (art. 6.1.b RGPD).<\/li>\n<\/ul>\n\n\n\n<h3 class=\"wp-block-heading\">2.2. Inscription utilisateur \/ espace priv\u00e9 (le cas \u00e9ch\u00e9ant)<\/h3>\n\n\n\n<ul class=\"wp-block-list\">\n<li><strong>Donn\u00e9es <\/strong>: Donn\u00e9es d\u2019identification (nom, pr\u00e9nom), adresse \u00e9lectronique, mot de passe chiffr\u00e9, donn\u00e9es de l\u2019entreprise (le cas \u00e9ch\u00e9ant), autres informations n\u00e9cessaires \u00e0 la fourniture du service.<\/li>\n\n\n\n<li>Objectif : G\u00e9rer l\u2019inscription, l\u2019acc\u00e8s et l\u2019utilisation de l\u2019espace priv\u00e9 ou de la plateforme MEPRECI.<\/li>\n\n\n\n<li><strong>Base juridique <\/strong>: Ex\u00e9cution d\u2019un contrat ou application de mesures pr\u00e9contractuelles (art. 6.1.b RGPD).<\/li>\n<\/ul>\n\n\n\n<h3 class=\"wp-block-heading\">2.3. Prestation de services \/ relation contractuelle<\/h3>\n\n\n\n<ul class=\"wp-block-list\">\n<li><strong>Donn\u00e9es <\/strong>: Coordonn\u00e9es professionnelles, informations de facturation (num\u00e9ro d&rsquo;identification fiscale, adresse, nom de l&rsquo;entreprise), donn\u00e9es n\u00e9cessaires \u00e0 l&rsquo;ex\u00e9cution des services contractuels.<\/li>\n\n\n\n<li><strong>Objectif <\/strong>: Gestion administrative, comptable et fiscale d\u00e9coulant de la prestation de services.<\/li>\n\n\n\n<li><strong>Base juridique<\/strong> : Ex\u00e9cution d&rsquo;un contrat (art. 6.1.b RGPD) et respect des obligations l\u00e9gales (art. 6.1.c RGPD).<\/li>\n<\/ul>\n\n\n\n<h3 class=\"wp-block-heading\">2.4. Communications commerciales (newsletter, actualit\u00e9s, etc.)<\/h3>\n\n\n\n<ul class=\"wp-block-list\">\n<li>Donn\u00e9es : Nom, pr\u00e9nom, adresse \u00e9lectronique, secteur ou pr\u00e9f\u00e9rences (le cas \u00e9ch\u00e9ant).<\/li>\n\n\n\n<li><strong>Objectif <\/strong>: Envoyer des informations commerciales sur les services, les actualit\u00e9s, les contenus et les ressources li\u00e9s \u00e0 MEPRECI.<\/li>\n\n\n\n<li><strong>Base juridique :<\/strong>\n<ul class=\"wp-block-list\">\n<li>Consentement de la personne concern\u00e9e (art. 6.1.a du RGPD) en cas d&rsquo;inscription volontaire. Destinataires des donn\u00e9es<\/li>\n\n\n\n<li>Int\u00e9r\u00eat l\u00e9gitime (art. 6.1.f RGPD) lorsqu&rsquo;il existe une relation contractuelle ant\u00e9rieure et que la communication se rapporte \u00e0 des services similaires, conform\u00e9ment \u00e0 l&rsquo;art. 21.2 LSSI, en offrant toujours la possibilit\u00e9 de s&rsquo;y opposer.<\/li>\n<\/ul>\n<\/li>\n<\/ul>\n\n\n\n<h3 class=\"wp-block-heading\">2.5. Navigation Internet \/ Cookies<\/h3>\n\n\n\n<ul class=\"wp-block-list\">\n<li><strong>Donn\u00e9es <\/strong>: adresse IP, identifiants en ligne (identifiant de cookie), type d&rsquo;appareil et navigateur, pages visit\u00e9es, dur\u00e9e de navigation, etc.<\/li>\n\n\n\n<li><strong>But:<\/strong>\n<ul class=\"wp-block-list\">\n<li>Cookies techniques : pour assurer le bon fonctionnement du site web.<\/li>\n\n\n\n<li>Cookies analytiques : pour mesurer l\u2019audience et l\u2019utilisation du site web.<\/li>\n\n\n\n<li>Cookies publicitaires\/comportementaux (le cas \u00e9ch\u00e9ant) : afficher des publicit\u00e9s personnalis\u00e9es.<\/li>\n<\/ul>\n<\/li>\n\n\n\n<li><strong>Base juridique :<\/strong>\n<ul class=\"wp-block-list\">\n<li>Int\u00e9r\u00eat l\u00e9gitime \/ n\u00e9cessit\u00e9 technique pour les cookies strictement n\u00e9cessaires.<\/li>\n\n\n\n<li>Consentement de l&rsquo;utilisateur pour les cookies restants, conform\u00e9ment \u00e0 la politique relative aux cookies.<\/li>\n<\/ul>\n<\/li>\n<\/ul>\n\n\n\n<hr class=\"wp-block-separator has-alpha-channel-opacity\"\/>\n\n\n\n<p><strong>3. Dur\u00e9e de conservation<\/strong><\/p>\n\n\n\n<p>Les donn\u00e9es seront conserv\u00e9es pendant les p\u00e9riodes suivantes :<\/p>\n\n\n\n<ul class=\"wp-block-list\">\n<li>Demandes via formulaire ou courriel: pendant le temps n\u00e9cessaire pour r\u00e9soudre la demande et, au maximum<code>[[X MESES\/A\u00d1OS]]<\/code>, \u00e0 compter de la derni\u00e8re communication pertinente.<\/li>\n\n\n\n<li>Donn\u00e9es client : pendant toute la dur\u00e9e de la relation contractuelle et par la suite pendant les p\u00e9riodes n\u00e9cessaires pour faire face aux \u00e9ventuelles responsabilit\u00e9s l\u00e9gales <code>[[normalmente 6-10 a\u00f1os, seg\u00fan contabilidad\/fiscalidad]]<\/code><\/li>\n\n\n\n<li>Donn\u00e9es \u00e0 des fins de communications commerciales : jusqu\u2019\u00e0 ce que l\u2019utilisateur retire son consentement ou s\u2019oppose \u00e0 leur r\u00e9ception.<\/li>\n\n\n\n<li>Donn\u00e9es de navigation : selon les d\u00e9lais indiqu\u00e9s dans la Politique relative aux cookies.<\/li>\n<\/ul>\n\n\n\n<hr class=\"wp-block-separator has-alpha-channel-opacity\"\/>\n\n\n\n<p><strong>4. Destinataires des donn\u00e9es<br\/><br\/> <br\/> <br\/><\/strong><\/p>\n\n\n\n<p>Ils auront acc\u00e8s aux donn\u00e9es personnelles:<\/p>\n\n\n\n<ul class=\"wp-block-list\">\n<li>Les fournisseurs qui fournissent des services \u00e0 MEPRECI (h\u00e9bergement web, services de marketing par e-mail, maintenance informatique, outils d&rsquo;analyse, etc.), agissant en tant que sous-traitants de donn\u00e9es, <strong>avec les contrats correspondants conform\u00e9ment<\/strong> \u00e0 l&rsquo;art. 28 du RGPD.<\/li>\n\n\n\n<li>Les administrations publiques et les autorit\u00e9s comp\u00e9tentes, lorsqu&rsquo;il existe une obligation l\u00e9gale.<\/li>\n<\/ul>\n\n\n\n<p>Si vous effectuez des transferts internationaux (par exemple, en utilisant des outils am\u00e9ricains comme Google, Mailchimp, etc.) :<\/p>\n\n\n\n<blockquote class=\"wp-block-quote is-layout-flow wp-block-quote-is-layout-flow\">\n<p>En cas de transferts internationaux de donn\u00e9es, MEPRECI veillera \u00e0 ce que des garanties appropri\u00e9es soient adopt\u00e9es (clauses contractuelles types approuv\u00e9es par la Commission europ\u00e9enne ou autres m\u00e9canismes reconnus par le RGPD).<\/p>\n<\/blockquote>\n\n\n\n<hr class=\"wp-block-separator has-alpha-channel-opacity\"\/>\n\n\n\n<p><strong>5. Droits de l&rsquo;utilisateur<\/strong><\/p>\n\n\n\n<p>Vous pouvez exercer les droits suivants:<\/p>\n\n\n\n<ul class=\"wp-block-list\">\n<li>Droit d&rsquo;acc\u00e8s \u00e0 vos donn\u00e9es personnelles.<\/li>\n\n\n\n<li>Droit de rectification des donn\u00e9es inexactes.<\/li>\n\n\n\n<li>Droit \u00e0 l\u2019effacement (droit \u00e0 l\u2019oubli) lorsque, entre autres raisons, les donn\u00e9es ne sont plus n\u00e9cessaires.<\/li>\n\n\n\n<li>Droit \u00e0 la limitation du traitement dans certaines circonstances.<\/li>\n\n\n\n<li>Droit de vous opposer au traitement de vos donn\u00e9es, notamment dans le cadre de communications commerciales.<\/li>\n\n\n\n<li>Droit \u00e0 la portabilit\u00e9 des donn\u00e9es lorsque le traitement est fond\u00e9 sur le consentement ou sur un contrat et est effectu\u00e9 par des moyens automatis\u00e9s.<\/li>\n\n\n\n<li>Droit de retirer son consentement \u00e0 tout moment, sans que cela n\u2019affecte la lic\u00e9it\u00e9 du traitement fond\u00e9 sur le consentement effectu\u00e9 avant ce retrait.<\/li>\n<\/ul>\n\n\n\n<p>Pour exercer vos droits, vous pouvez contacter :<\/p>\n\n\n\n<blockquote class=\"wp-block-quote is-layout-flow wp-block-quote-is-layout-flow\">\n<p><code>[[EMAIL DE PRIVACIDAD]]<\/code><br\/>Objet: \u00ab Protection des donn\u00e9es &#8211; Exercice des droits \u00bb, en indiquant le droit que vous souhaitez exercer et en joignant une copie de votre pi\u00e8ce d&rsquo;identit\u00e9.<\/p>\n<\/blockquote>\n\n\n\n<p>Vous avez \u00e9galement le droit de d\u00e9poser une plainte aupr\u00e8s de l&rsquo;Agence espagnole de protection des donn\u00e9es (AEPD) si vous estimez que vos droits en mati\u00e8re de protection des donn\u00e9es ont \u00e9t\u00e9 viol\u00e9s.<\/p>\n\n\n\n<hr class=\"wp-block-separator has-alpha-channel-opacity\"\/>\n\n\n\n<p><strong>6. S\u00e9curit\u00e9 de l&rsquo;information<\/strong><\/p>\n\n\n\n<p>MEPRECI s\u2019engage \u00e0 mettre en \u0153uvre les mesures techniques et organisationnelles appropri\u00e9es pour assurer un niveau de s\u00e9curit\u00e9 adapt\u00e9 au risque, conform\u00e9ment aux articles 32 et suivants du RGPD, en tenant compte de l\u2019\u00e9tat de la technique, des co\u00fbts de mise en \u0153uvre, de la nature, de la port\u00e9e, du contexte et des finalit\u00e9s du traitement.<\/p>\n\n\n\n<hr class=\"wp-block-separator has-alpha-channel-opacity\"\/>\n\n\n\n<p><strong>7. Exactitude des donn\u00e9es<\/strong><\/p>\n\n\n\n<p>L\u2019utilisateur garantit que les donn\u00e9es fournies sont v\u00e9ridiques, exactes, compl\u00e8tes et \u00e0 jour, et s\u2019engage \u00e0 signaler toute modification. L&rsquo;utilisateur sera responsable de tout dommage ou perte r\u00e9sultant du non-respect de cette obligation.<\/p>\n\n\n\n<hr class=\"wp-block-separator has-alpha-channel-opacity\"\/>\n\n\n\n<p><strong>8. Modifications de la politique de confidentialit\u00e9<\/strong><\/p>\n\n\n\n<p>MEPRECI se r\u00e9serve le droit de modifier la pr\u00e9sente politique de confidentialit\u00e9 afin de l&rsquo;adapter \u00e0 la nouvelle l\u00e9gislation, \u00e0 la jurisprudence ou aux changements en mati\u00e8re de traitement des donn\u00e9es.<br\/><br\/> <br\/> <br\/> Dans ce cas, une annonce sera publi\u00e9e sur le site web avec un pr\u00e9avis raisonnable.<br\/><br\/> <br\/> <br\/><\/p>\n<\/div>\n","protected":false},"excerpt":{"rendered":"<p>1. Responsable du traitement des donn\u00e9es S\u2019il existe un d\u00e9l\u00e9gu\u00e9 \u00e0 la protection des donn\u00e9es (DPO) : 2. Donn\u00e9es trait\u00e9es, finalit\u00e9s et base juridique Selon votre utilisation du site web MEPRECI, nous pouvons traiter diff\u00e9rentes cat\u00e9gories de donn\u00e9es aux fins suivantes : 2.1. Formulaire de contact \/ demandes de renseignements 2.2. Inscription utilisateur \/ espace [&hellip;]<\/p>\n","protected":false},"author":1,"featured_media":0,"parent":0,"menu_order":0,"comment_status":"closed","ping_status":"closed","template":"wp-custom-template-paginas-interiores-mepreci","meta":{"footnotes":""},"class_list":["post-989","page","type-page","status-publish","hentry"],"yoast_head":"<!-- This site is optimized with the Yoast SEO plugin v26.6 - https:\/\/yoast.com\/wordpress\/plugins\/seo\/ -->\n<title>politique de confidentialit\u00e9 - Mepreci<\/title>\n<meta name=\"robots\" content=\"noindex, nofollow\" \/>\n<meta property=\"og:locale\" content=\"fr_FR\" \/>\n<meta property=\"og:type\" content=\"article\" \/>\n<meta property=\"og:title\" content=\"politique de confidentialit\u00e9 - Mepreci\" \/>\n<meta property=\"og:description\" content=\"1. Responsable du traitement des donn\u00e9es S\u2019il existe un d\u00e9l\u00e9gu\u00e9 \u00e0 la protection des donn\u00e9es (DPO) : 2. Donn\u00e9es trait\u00e9es, finalit\u00e9s et base juridique Selon votre utilisation du site web MEPRECI, nous pouvons traiter diff\u00e9rentes cat\u00e9gories de donn\u00e9es aux fins suivantes : 2.1. Formulaire de contact \/ demandes de renseignements 2.2. Inscription utilisateur \/ espace [&hellip;]\" \/>\n<meta property=\"og:url\" content=\"https:\/\/www.mepreci.com\/fr\/politique-de-confidentialite\/\" \/>\n<meta property=\"og:site_name\" content=\"Mepreci\" \/>\n<meta property=\"article:publisher\" content=\"https:\/\/www.facebook.com\/profile.php?id=61583941005334\" \/>\n<meta property=\"article:modified_time\" content=\"2025-12-12T07:41:37+00:00\" \/>\n<meta name=\"twitter:card\" content=\"summary_large_image\" \/>\n<meta name=\"twitter:label1\" content=\"Dur\u00e9e de lecture estim\u00e9e\" \/>\n\t<meta name=\"twitter:data1\" content=\"5 minutes\" \/>\n<script type=\"application\/ld+json\" class=\"yoast-schema-graph\">{\"@context\":\"https:\/\/schema.org\",\"@graph\":[{\"@type\":\"WebPage\",\"@id\":\"https:\/\/www.mepreci.com\/fr\/politique-de-confidentialite\/\",\"url\":\"https:\/\/www.mepreci.com\/fr\/politique-de-confidentialite\/\",\"name\":\"politique de confidentialit\u00e9 - Mepreci\",\"isPartOf\":{\"@id\":\"https:\/\/www.mepreci.com\/fr\/#website\"},\"datePublished\":\"2025-10-08T13:12:56+00:00\",\"dateModified\":\"2025-12-12T07:41:37+00:00\",\"breadcrumb\":{\"@id\":\"https:\/\/www.mepreci.com\/fr\/politique-de-confidentialite\/#breadcrumb\"},\"inLanguage\":\"fr-FR\",\"potentialAction\":[{\"@type\":\"ReadAction\",\"target\":[\"https:\/\/www.mepreci.com\/fr\/politique-de-confidentialite\/\"]}]},{\"@type\":\"BreadcrumbList\",\"@id\":\"https:\/\/www.mepreci.com\/fr\/politique-de-confidentialite\/#breadcrumb\",\"itemListElement\":[{\"@type\":\"ListItem\",\"position\":1,\"name\":\"Accueil\",\"item\":\"https:\/\/www.mepreci.com\/fr\/\"},{\"@type\":\"ListItem\",\"position\":2,\"name\":\"politique de confidentialit\u00e9\"}]},{\"@type\":\"WebSite\",\"@id\":\"https:\/\/www.mepreci.com\/fr\/#website\",\"url\":\"https:\/\/www.mepreci.com\/fr\/\",\"name\":\"Mepreci\",\"description\":\"Soluciones de estampaci\u00f3n met\u00e1lica, mecanizado\\u2028 y matricer\u00eda.\",\"publisher\":{\"@id\":\"https:\/\/www.mepreci.com\/fr\/#organization\"},\"potentialAction\":[{\"@type\":\"SearchAction\",\"target\":{\"@type\":\"EntryPoint\",\"urlTemplate\":\"https:\/\/www.mepreci.com\/fr\/?s={search_term_string}\"},\"query-input\":{\"@type\":\"PropertyValueSpecification\",\"valueRequired\":true,\"valueName\":\"search_term_string\"}}],\"inLanguage\":\"fr-FR\"},{\"@type\":\"Organization\",\"@id\":\"https:\/\/www.mepreci.com\/fr\/#organization\",\"name\":\"Mepreci\",\"url\":\"https:\/\/www.mepreci.com\/fr\/\",\"logo\":{\"@type\":\"ImageObject\",\"inLanguage\":\"fr-FR\",\"@id\":\"https:\/\/www.mepreci.com\/fr\/#\/schema\/logo\/image\/\",\"url\":\"https:\/\/www.mepreci.com\/wp-content\/uploads\/2025\/11\/logo.svg\",\"contentUrl\":\"https:\/\/www.mepreci.com\/wp-content\/uploads\/2025\/11\/logo.svg\",\"width\":639,\"height\":222,\"caption\":\"Mepreci\"},\"image\":{\"@id\":\"https:\/\/www.mepreci.com\/fr\/#\/schema\/logo\/image\/\"},\"sameAs\":[\"https:\/\/www.facebook.com\/profile.php?id=61583941005334\",\"https:\/\/www.linkedin.com\/company\/mepreci-sl\/posts\/\",\"https:\/\/www.instagram.com\/mepreci_metalworks\/\"]}]}<\/script>\n<!-- \/ Yoast SEO plugin. -->","yoast_head_json":{"title":"politique de confidentialit\u00e9 - Mepreci","robots":{"index":"noindex","follow":"nofollow"},"og_locale":"fr_FR","og_type":"article","og_title":"politique de confidentialit\u00e9 - Mepreci","og_description":"1. Responsable du traitement des donn\u00e9es S\u2019il existe un d\u00e9l\u00e9gu\u00e9 \u00e0 la protection des donn\u00e9es (DPO) : 2. Donn\u00e9es trait\u00e9es, finalit\u00e9s et base juridique Selon votre utilisation du site web MEPRECI, nous pouvons traiter diff\u00e9rentes cat\u00e9gories de donn\u00e9es aux fins suivantes : 2.1. Formulaire de contact \/ demandes de renseignements 2.2. Inscription utilisateur \/ espace [&hellip;]","og_url":"https:\/\/www.mepreci.com\/fr\/politique-de-confidentialite\/","og_site_name":"Mepreci","article_publisher":"https:\/\/www.facebook.com\/profile.php?id=61583941005334","article_modified_time":"2025-12-12T07:41:37+00:00","twitter_card":"summary_large_image","twitter_misc":{"Dur\u00e9e de lecture estim\u00e9e":"5 minutes"},"schema":{"@context":"https:\/\/schema.org","@graph":[{"@type":"WebPage","@id":"https:\/\/www.mepreci.com\/fr\/politique-de-confidentialite\/","url":"https:\/\/www.mepreci.com\/fr\/politique-de-confidentialite\/","name":"politique de confidentialit\u00e9 - Mepreci","isPartOf":{"@id":"https:\/\/www.mepreci.com\/fr\/#website"},"datePublished":"2025-10-08T13:12:56+00:00","dateModified":"2025-12-12T07:41:37+00:00","breadcrumb":{"@id":"https:\/\/www.mepreci.com\/fr\/politique-de-confidentialite\/#breadcrumb"},"inLanguage":"fr-FR","potentialAction":[{"@type":"ReadAction","target":["https:\/\/www.mepreci.com\/fr\/politique-de-confidentialite\/"]}]},{"@type":"BreadcrumbList","@id":"https:\/\/www.mepreci.com\/fr\/politique-de-confidentialite\/#breadcrumb","itemListElement":[{"@type":"ListItem","position":1,"name":"Accueil","item":"https:\/\/www.mepreci.com\/fr\/"},{"@type":"ListItem","position":2,"name":"politique de confidentialit\u00e9"}]},{"@type":"WebSite","@id":"https:\/\/www.mepreci.com\/fr\/#website","url":"https:\/\/www.mepreci.com\/fr\/","name":"Mepreci","description":"Soluciones de estampaci\u00f3n met\u00e1lica, mecanizado\u2028 y matricer\u00eda.","publisher":{"@id":"https:\/\/www.mepreci.com\/fr\/#organization"},"potentialAction":[{"@type":"SearchAction","target":{"@type":"EntryPoint","urlTemplate":"https:\/\/www.mepreci.com\/fr\/?s={search_term_string}"},"query-input":{"@type":"PropertyValueSpecification","valueRequired":true,"valueName":"search_term_string"}}],"inLanguage":"fr-FR"},{"@type":"Organization","@id":"https:\/\/www.mepreci.com\/fr\/#organization","name":"Mepreci","url":"https:\/\/www.mepreci.com\/fr\/","logo":{"@type":"ImageObject","inLanguage":"fr-FR","@id":"https:\/\/www.mepreci.com\/fr\/#\/schema\/logo\/image\/","url":"https:\/\/www.mepreci.com\/wp-content\/uploads\/2025\/11\/logo.svg","contentUrl":"https:\/\/www.mepreci.com\/wp-content\/uploads\/2025\/11\/logo.svg","width":639,"height":222,"caption":"Mepreci"},"image":{"@id":"https:\/\/www.mepreci.com\/fr\/#\/schema\/logo\/image\/"},"sameAs":["https:\/\/www.facebook.com\/profile.php?id=61583941005334","https:\/\/www.linkedin.com\/company\/mepreci-sl\/posts\/","https:\/\/www.instagram.com\/mepreci_metalworks\/"]}]}},"_links":{"self":[{"href":"https:\/\/www.mepreci.com\/fr\/wp-json\/wp\/v2\/pages\/989","targetHints":{"allow":["GET"]}}],"collection":[{"href":"https:\/\/www.mepreci.com\/fr\/wp-json\/wp\/v2\/pages"}],"about":[{"href":"https:\/\/www.mepreci.com\/fr\/wp-json\/wp\/v2\/types\/page"}],"author":[{"embeddable":true,"href":"https:\/\/www.mepreci.com\/fr\/wp-json\/wp\/v2\/users\/1"}],"replies":[{"embeddable":true,"href":"https:\/\/www.mepreci.com\/fr\/wp-json\/wp\/v2\/comments?post=989"}],"version-history":[{"count":4,"href":"https:\/\/www.mepreci.com\/fr\/wp-json\/wp\/v2\/pages\/989\/revisions"}],"predecessor-version":[{"id":1158,"href":"https:\/\/www.mepreci.com\/fr\/wp-json\/wp\/v2\/pages\/989\/revisions\/1158"}],"wp:attachment":[{"href":"https:\/\/www.mepreci.com\/fr\/wp-json\/wp\/v2\/media?parent=989"}],"curies":[{"name":"wp","href":"https:\/\/api.w.org\/{rel}","templated":true}]}}